{"id":3709,"date":"2017-02-09T14:39:03","date_gmt":"2017-02-09T14:39:03","guid":{"rendered":"http:\/\/www.roseworks-marketing.com\/?page_id=3709\/"},"modified":"2017-02-13T10:41:30","modified_gmt":"2017-02-13T10:41:30","slug":"roseworks-events","status":"publish","type":"page","link":"http:\/\/www.roseworks-marketing.com\/fr\/roseworks-events\/","title":{"rendered":"Roseworks Events"},"content":{"rendered":"<p>[vc_row css=\u00a0\u00bb.vc_custom_1423952335447{padding-top: 70px !important;padding-bottom: 70px !important;}\u00a0\u00bb][vc_column][vc_column_text]<\/p>\n<p style=\"text-align: center;\">Roseworks Events con\u00e7oit des \u00e9v\u00e9nements et des services de qualit\u00e9 dans le domaine du tourisme. Nous assurons de nombreuses prestations :<\/p>\n<p>[\/vc_column_text][vc_column_text]<\/p>\n<p style=\"text-align: center;\">\u00c9v\u00e9nements promotionnels et voyages de familiarisation<br \/>\nS\u00e9minaires, webinaires et ateliers<br \/>\nConf\u00e9rences et salons<br \/>\nActions de team building<br \/>\nOrganisation de tourn\u00e9es et coordination de groupes<br \/>\nS\u00e9lections de sites (H\u00f4tels et lieux \u00e0 voir)<\/p>\n<p>[\/vc_column_text]<div class=\"to-spacer \" style=\"height:30px\"><\/div><h2 class=\"txt-center\" >Chefs de projet <b>\u00e9v\u00e9nementiel<\/b><\/h2><div class=\"to-spacer \" style=\"height:30px\"><\/div>[vc_row_inner equal_height=\u00a0\u00bbyes\u00a0\u00bb content_placement=\u00a0\u00bbmiddle\u00a0\u00bb txt_section_align=\u00a0\u00bbtxt-center\u00a0\u00bb][vc_column_inner width=\u00a0\u00bb1\/2&Prime; txt_column_align=\u00a0\u00bbtxt-center\u00a0\u00bb delay=\u00a0\u00bb0ms\u00a0\u00bb][vc_column_text css_animation=\u00a0\u00bbappear\u00a0\u00bb]<img decoding=\"async\" class=\"aligncenter\" style=\"border-radius: 50%;\" src=\"\/wp-content\/uploads\/2016\/11\/Chris.jpg\" alt=\"Photo Chris Clark\" \/>[\/vc_column_text][vc_column_text]<\/p>\n<h3 class=\"to-member-box-name\" style=\"text-align: center; margin-bottom: 2px;\">Chris Clark<\/h3>\n<p class=\"to-member-box-position\" style=\"text-align: center; font-size: 16px;\">Chef de projet \u00e9v\u00e9nementiel<\/p>\n<p>[\/vc_column_text]<div class=\"to-spacer \" style=\"height:20px\"><\/div>[vc_column_text]<\/p>\n<p style=\"text-align: justify;\">Dans la vie de tous les jours, Chris a une passion d\u00e9bordante pour la conception et la production d&rsquo;\u00e9v\u00e9nements : du projet \u00e0 la cr\u00e9ation jusqu&rsquo;\u00e0 la r\u00e9alisation. Notre plan\u00e8te et ses habitants lui donnent un enthousiasme et une \u00e9nergie sans limites. Il aime aider les gens \u00e0 porter leurs \u00e9v\u00e9nements vers de nouveaux sommets gr\u00e2ce \u00e0 une grande cr\u00e9ativit\u00e9 et des capacit\u00e9s exceptionnelles d&rsquo;organisation.<\/p>\n<p style=\"text-align: justify;\">Au cours des 30 derni\u00e8res ann\u00e9es, il a atteint un niveau d&rsquo;expertise hors-normes en conception d&rsquo;\u00e9v\u00e9nements gr\u00e2ce aux comp\u00e9tences acquises en travaillant pour des entreprises telles que Walt Disney, Universal Studios, Los Angeles Party Designs et Extraordinary Events.<\/p>\n<p style=\"text-align: justify;\">Il aime fournir une prestation cr\u00e9ative de qualit\u00e9, avec un fort potentiel marketing, tout restant toujours soucieux de l\u2019\u00e9quilibre financier.<\/p>\n<p style=\"text-align: justify;\">Chris a d\u00e9but\u00e9 sa carri\u00e8re en organisant des mariages, service qu&rsquo;il propose toujours aujourd&rsquo;hui. Il a con\u00e7u des \u00e9v\u00e9nements institutionnels et sociaux tr\u00e8s vari\u00e9s, depuis des d\u00eeners VIP tr\u00e8s intimes jusqu&rsquo;aux grandes soir\u00e9es de pr\u00e9sentation de produits, en passant par des galas d&rsquo;entreprise.<br \/>\nParmi ses clients notables, on peut citer Oaktree Capital, ING Financial Networks, Marriott International, Four Seasons Hotels, Union Bank, Special Olympics, American Express, Broadcom, Macerich et le Tournoi de Roses de Pasadena.<\/p>\n<p>[\/vc_column_text][\/vc_column_inner][vc_column_inner width=\u00a0\u00bb1\/2&Prime; txt_column_align=\u00a0\u00bbtxt-center\u00a0\u00bb delay=\u00a0\u00bb0ms\u00a0\u00bb][vc_column_text css_animation=\u00a0\u00bbappear\u00a0\u00bb]<img decoding=\"async\" class=\"aligncenter\" style=\"border-radius: 50%;\" src=\"\/wp-content\/uploads\/2016\/11\/Kathleen.jpg\" alt=\"Photo Kathleen Newlove\" \/>[\/vc_column_text][vc_column_text]<\/p>\n<h3 class=\"to-member-box-name\" style=\"text-align: center; margin-bottom: 2px;\">Kathleen Newlove<\/h3>\n<p class=\"to-member-box-position\" style=\"text-align: center; font-size: 16px;\">Chef de projet \u00e9v\u00e9nementiel<\/p>\n<p>[\/vc_column_text]<div class=\"to-spacer \" style=\"height:20px\"><\/div>[vc_column_text]<\/p>\n<p style=\"text-align: justify;\">N\u00e9e \u00e0 Copenhague, au Danemark, et form\u00e9e en France, Argentine, Russie et aux \u00c9tats-Unis, Kathleen est une sp\u00e9cialiste exp\u00e9riment\u00e9e en strat\u00e9gie de marque, marketing et dans l\u2019organisation de soir\u00e9es \u00e9v\u00e9nementielles, activit\u00e9 qu&rsquo;elle a commenc\u00e9 \u00e0 exercer \u00e0 New York, dans les ann\u00e9es 90. Apr\u00e8s quinze ans pass\u00e9s \u00e0 Los Angeles dans le secteur du divertissement, elle s\u2019est install\u00e9e \u00e0 Paris en 2008.<\/p>\n<p style=\"text-align: justify;\">Polyglotte et capable de comprendre ses clients quelle que soit leur culture, Kathleen apporte un point de vue unique sur les \u00e9v\u00e9nements qu&rsquo;elle organise. Qu&rsquo;il s&rsquo;agisse de lancements de produits, de conf\u00e9rences d&rsquo;entreprise de grande envergure ou de c\u00e9r\u00e9monies de remise de prix, que vous ayez besoin d&rsquo;un d\u00e9cor in\u00e9dit ou d&rsquo;action promotionnelles crois\u00e9es au b\u00e9n\u00e9fice des marques de vos sponsors, elle sait cr\u00e9er des solutions efficaces pour satisfaire les clients les plus exigeants, partout dans le monde.<\/p>\n<p style=\"text-align: justify;\">Ses nombreux clients repr\u00e9sentent un large \u00e9ventail d&rsquo;entreprises, parmi lesquelles : les Oscars, les Emmy Awards, AirBnB, Apple, Sony, Google, SpaceX, Cartier, Tiffany, Manolo Blahnik, LACMA, Tom Bradley Terminal International \u00e0 LAX, News Corp, Fox Studios, CBS, Wells Fargo, le magazine Movieline, Entertainment Weekly, les amis du Louvre, Goldmann Sachs, Hillary Clinton, Bill Clinton, Tony Blair, le pape Beno\u00eet, Rupert Murdoch, Janet Jackson, Denzel Washington, Eddie Murphy, Arnold Schwarzenegger et Maria Shriver.<\/p>\n<p>[\/vc_column_text][\/vc_column_inner][\/vc_row_inner][vc_row_inner equal_height=\u00a0\u00bbyes\u00a0\u00bb content_placement=\u00a0\u00bbmiddle\u00a0\u00bb txt_section_align=\u00a0\u00bbtxt-center\u00a0\u00bb][vc_column_inner txt_column_align=\u00a0\u00bbtxt-center\u00a0\u00bb delay=\u00a0\u00bb0ms\u00a0\u00bb][\/vc_column_inner][\/vc_row_inner][\/vc_column][\/vc_row]<\/p>\n","protected":false},"excerpt":{"rendered":"<p>[vc_row css=\u00a0\u00bb.vc_custom_1423952335447{padding-top: 70px !important;padding-bottom: 70px !important;}\u00a0\u00bb][vc_column][vc_column_text] Roseworks Events con\u00e7oit des \u00e9v\u00e9nements et des services de qualit\u00e9 dans le domaine du tourisme. Nous assurons de nombreuses prestations : [\/vc_column_text][vc_column_text] \u00c9v\u00e9nements promotionnels et voyages de familiarisation S\u00e9minaires, webinaires et ateliers Conf\u00e9rences et salons Actions de team building Organisation de tourn\u00e9es et coordination de groupes S\u00e9lections de sites (H\u00f4tels et lieux \u00e0 voir) [\/vc_column_text][vc_row_inner equal_height=\u00a0\u00bbyes\u00a0\u00bb content_placement=\u00a0\u00bbmiddle\u00a0\u00bb txt_section_align=\u00a0\u00bbtxt-center\u00a0\u00bb][vc_column_inner width=\u00a0\u00bb1\/2&Prime; txt_column_align=\u00a0\u00bbtxt-center\u00a0\u00bb delay=\u00a0\u00bb0ms\u00a0\u00bb][vc_column_text css_animation=\u00a0\u00bbappear\u00a0\u00bb][\/vc_column_text][vc_column_text] Chris Clark Chef de projet \u00e9v\u00e9nementiel [\/vc_column_text][vc_column_text]<\/p>\n","protected":false},"author":1,"featured_media":0,"parent":0,"menu_order":4,"comment_status":"open","ping_status":"closed","template":"","meta":[],"yoast_head":"<!-- This site is optimized with the Yoast SEO plugin v20.1 - https:\/\/yoast.com\/wordpress\/plugins\/seo\/ -->\n<title>Roseworks Events - Roseworks Marketing<\/title>\n<meta name=\"robots\" content=\"index, follow, max-snippet:-1, max-image-preview:large, max-video-preview:-1\" \/>\n<link rel=\"canonical\" href=\"http:\/\/www.roseworks-marketing.com\/fr\/roseworks-events\/\" \/>\n<meta name=\"twitter:label1\" content=\"Dur\u00e9e de lecture estim\u00e9e\" \/>\n\t<meta name=\"twitter:data1\" content=\"3 minutes\" \/>\n<script type=\"application\/ld+json\" class=\"yoast-schema-graph\">{\"@context\":\"https:\/\/schema.org\",\"@graph\":[{\"@type\":\"WebPage\",\"@id\":\"http:\/\/www.roseworks-marketing.com\/fr\/roseworks-events\/\",\"url\":\"http:\/\/www.roseworks-marketing.com\/fr\/roseworks-events\/\",\"name\":\"Roseworks Events - Roseworks Marketing\",\"isPartOf\":{\"@id\":\"http:\/\/www.roseworks-marketing.com\/#website\"},\"datePublished\":\"2017-02-09T14:39:03+00:00\",\"dateModified\":\"2017-02-13T10:41:30+00:00\",\"breadcrumb\":{\"@id\":\"http:\/\/www.roseworks-marketing.com\/fr\/roseworks-events\/#breadcrumb\"},\"inLanguage\":\"fr-FR\",\"potentialAction\":[{\"@type\":\"ReadAction\",\"target\":[\"http:\/\/www.roseworks-marketing.com\/fr\/roseworks-events\/\"]}]},{\"@type\":\"BreadcrumbList\",\"@id\":\"http:\/\/www.roseworks-marketing.com\/fr\/roseworks-events\/#breadcrumb\",\"itemListElement\":[{\"@type\":\"ListItem\",\"position\":1,\"name\":\"Home\",\"item\":\"http:\/\/www.roseworks-marketing.com\/fr\/\"},{\"@type\":\"ListItem\",\"position\":2,\"name\":\"Roseworks Events\"}]},{\"@type\":\"WebSite\",\"@id\":\"http:\/\/www.roseworks-marketing.com\/#website\",\"url\":\"http:\/\/www.roseworks-marketing.com\/\",\"name\":\"Roseworks Marketing\",\"description\":\"\",\"potentialAction\":[{\"@type\":\"SearchAction\",\"target\":{\"@type\":\"EntryPoint\",\"urlTemplate\":\"http:\/\/www.roseworks-marketing.com\/?s={search_term_string}\"},\"query-input\":\"required name=search_term_string\"}],\"inLanguage\":\"fr-FR\"}]}<\/script>\n<!-- \/ Yoast SEO plugin. -->","yoast_head_json":{"title":"Roseworks Events - Roseworks Marketing","robots":{"index":"index","follow":"follow","max-snippet":"max-snippet:-1","max-image-preview":"max-image-preview:large","max-video-preview":"max-video-preview:-1"},"canonical":"http:\/\/www.roseworks-marketing.com\/fr\/roseworks-events\/","twitter_misc":{"Dur\u00e9e de lecture estim\u00e9e":"3 minutes"},"schema":{"@context":"https:\/\/schema.org","@graph":[{"@type":"WebPage","@id":"http:\/\/www.roseworks-marketing.com\/fr\/roseworks-events\/","url":"http:\/\/www.roseworks-marketing.com\/fr\/roseworks-events\/","name":"Roseworks Events - Roseworks Marketing","isPartOf":{"@id":"http:\/\/www.roseworks-marketing.com\/#website"},"datePublished":"2017-02-09T14:39:03+00:00","dateModified":"2017-02-13T10:41:30+00:00","breadcrumb":{"@id":"http:\/\/www.roseworks-marketing.com\/fr\/roseworks-events\/#breadcrumb"},"inLanguage":"fr-FR","potentialAction":[{"@type":"ReadAction","target":["http:\/\/www.roseworks-marketing.com\/fr\/roseworks-events\/"]}]},{"@type":"BreadcrumbList","@id":"http:\/\/www.roseworks-marketing.com\/fr\/roseworks-events\/#breadcrumb","itemListElement":[{"@type":"ListItem","position":1,"name":"Home","item":"http:\/\/www.roseworks-marketing.com\/fr\/"},{"@type":"ListItem","position":2,"name":"Roseworks Events"}]},{"@type":"WebSite","@id":"http:\/\/www.roseworks-marketing.com\/#website","url":"http:\/\/www.roseworks-marketing.com\/","name":"Roseworks Marketing","description":"","potentialAction":[{"@type":"SearchAction","target":{"@type":"EntryPoint","urlTemplate":"http:\/\/www.roseworks-marketing.com\/?s={search_term_string}"},"query-input":"required name=search_term_string"}],"inLanguage":"fr-FR"}]}},"_links":{"self":[{"href":"http:\/\/www.roseworks-marketing.com\/fr\/wp-json\/wp\/v2\/pages\/3709"}],"collection":[{"href":"http:\/\/www.roseworks-marketing.com\/fr\/wp-json\/wp\/v2\/pages"}],"about":[{"href":"http:\/\/www.roseworks-marketing.com\/fr\/wp-json\/wp\/v2\/types\/page"}],"author":[{"embeddable":true,"href":"http:\/\/www.roseworks-marketing.com\/fr\/wp-json\/wp\/v2\/users\/1"}],"replies":[{"embeddable":true,"href":"http:\/\/www.roseworks-marketing.com\/fr\/wp-json\/wp\/v2\/comments?post=3709"}],"version-history":[{"count":2,"href":"http:\/\/www.roseworks-marketing.com\/fr\/wp-json\/wp\/v2\/pages\/3709\/revisions"}],"predecessor-version":[{"id":3719,"href":"http:\/\/www.roseworks-marketing.com\/fr\/wp-json\/wp\/v2\/pages\/3709\/revisions\/3719"}],"wp:attachment":[{"href":"http:\/\/www.roseworks-marketing.com\/fr\/wp-json\/wp\/v2\/media?parent=3709"}],"curies":[{"name":"wp","href":"https:\/\/api.w.org\/{rel}","templated":true}]}}