{"id":3714,"date":"2017-02-09T10:41:12","date_gmt":"2017-02-09T10:41:12","guid":{"rendered":"http:\/\/www.roseworks-marketing.com\/?page_id=3714\/"},"modified":"2017-02-13T11:02:49","modified_gmt":"2017-02-13T11:02:49","slug":"contact","status":"publish","type":"page","link":"http:\/\/www.roseworks-marketing.com\/fr\/contact\/","title":{"rendered":"Contact"},"content":{"rendered":"<p>[vc_row txt_section_align=\u00a0\u00bbtxt-center\u00a0\u00bb css=\u00a0\u00bb.vc_custom_1423955975953{padding-top: 70px !important;padding-bottom: 70px !important;}\u00a0\u00bb][vc_column]<h2 class=\"txt-center\" >Contactez nous<\/h2>[\/vc_column][\/vc_row][vc_row css=\u00a0\u00bb.vc_custom_1423956509531{padding-right: 0px !important;padding-bottom: 80px !important;padding-left: 0px !important;}\u00a0\u00bb][vc_column width=\u00a0\u00bb1\/2&Prime;]<h3 class=\"txt-left\" >Informations de contact<\/h3>[vc_column_text]Nous serions ravis d&rsquo;\u00e9changer avec vous, alors n&rsquo;h\u00e9sitez pas \u00e0 utiliser les coordonn\u00e9es ci-dessous ou le formulaire de contact situ\u00e9 droite.<\/p>\n<p>Nous vous r\u00e9pondrons au plus tard dans les 48 heures !<\/p>\n<h3>Email<\/h3>\n<p><span style=\"color: #ff7f88;\"><strong>info@roseworks-marketing.com<\/strong><\/span><\/p>\n<h3>T\u00e9l\u00e9phone<\/h3>\n<p><span style=\"color: #ff7f88;\"><strong>+1 (646) 321-5569<\/strong><\/span>[\/vc_column_text][\/vc_column][vc_column width=\u00a0\u00bb1\/2&Prime;]\n<div class=\"wpcf7 no-js\" id=\"wpcf7-f3711-o1\" lang=\"en-US\" dir=\"ltr\">\n<div class=\"screen-reader-response\"><p role=\"status\" aria-live=\"polite\" aria-atomic=\"true\"><\/p> <ul><\/ul><\/div>\n<form action=\"\/fr\/wp-json\/wp\/v2\/pages\/3714#wpcf7-f3711-o1\" method=\"post\" class=\"wpcf7-form init\" aria-label=\"Contact form\" novalidate=\"novalidate\" data-status=\"init\">\n<div style=\"display: none;\">\n<input type=\"hidden\" name=\"_wpcf7\" value=\"3711\" \/>\n<input type=\"hidden\" name=\"_wpcf7_version\" value=\"5.7.3\" \/>\n<input type=\"hidden\" name=\"_wpcf7_locale\" value=\"en_US\" \/>\n<input type=\"hidden\" name=\"_wpcf7_unit_tag\" value=\"wpcf7-f3711-o1\" \/>\n<input type=\"hidden\" name=\"_wpcf7_container_post\" value=\"0\" \/>\n<input type=\"hidden\" name=\"_wpcf7_posted_data_hash\" value=\"\" \/>\n<\/div>\n<p><label> Entreprise<br \/>\n<span class=\"wpcf7-form-control-wrap\" data-name=\"your-cpname\"><input size=\"40\" class=\"wpcf7-form-control wpcf7-text\" aria-invalid=\"false\" value=\"\" type=\"text\" name=\"your-cpname\" \/><\/span> <\/label>\n<\/p>\n<p><label> Nom et pr\u00e9nom (Champs requis)<br \/>\n<span class=\"wpcf7-form-control-wrap\" data-name=\"your-name\"><input size=\"40\" class=\"wpcf7-form-control wpcf7-text wpcf7-validates-as-required\" aria-required=\"true\" aria-invalid=\"false\" value=\"\" type=\"text\" name=\"your-name\" \/><\/span> <\/label>\n<\/p>\n<p><label> T\u00e9l\u00e9phone (Champs requis)<br \/>\n<span class=\"wpcf7-form-control-wrap\" data-name=\"your-phone\"><input size=\"40\" class=\"wpcf7-form-control wpcf7-text wpcf7-email wpcf7-validates-as-required wpcf7-validates-as-email\" aria-required=\"true\" aria-invalid=\"false\" value=\"\" type=\"email\" name=\"your-phone\" \/><\/span> <\/label>\n<\/p>\n<p><label> Email (Champs requis)<br \/>\n<span class=\"wpcf7-form-control-wrap\" data-name=\"your-email\"><input size=\"40\" class=\"wpcf7-form-control wpcf7-text wpcf7-email wpcf7-validates-as-required wpcf7-validates-as-email\" aria-required=\"true\" aria-invalid=\"false\" value=\"\" type=\"email\" name=\"your-email\" \/><\/span> <\/label>\n<\/p>\n<p><label> Je souhaite avoir plus d'informations sur :<br \/>\n<span class=\"wpcf7-form-control-wrap\" data-name=\"your-subject\"><select class=\"wpcf7-form-control wpcf7-select wpcf7-validates-as-required\" aria-required=\"true\" aria-invalid=\"false\" name=\"your-subject\"><option value=\"Services de Marketing\">Services de Marketing<\/option><option value=\"Repr\u00e9sentation\">Repr\u00e9sentation<\/option><option value=\"Co-Op Club\">Co-Op Club<\/option><option value=\"Roseworks Events\">Roseworks Events<\/option><\/select><\/span><\/label>\n<\/p>\n<p><label> Message<br \/>\n<span class=\"wpcf7-form-control-wrap\" data-name=\"your-message\"><textarea cols=\"40\" rows=\"10\" class=\"wpcf7-form-control wpcf7-textarea\" aria-invalid=\"false\" name=\"your-message\"><\/textarea><\/span> <\/label>\n<\/p>\n<p><input class=\"wpcf7-form-control has-spinner wpcf7-submit\" type=\"submit\" value=\"ENVOYER VOTRE MESSAGE\" \/>\n<\/p><p style=\"display: none !important;\"><label>&#916;<textarea name=\"_wpcf7_ak_hp_textarea\" cols=\"45\" rows=\"8\" maxlength=\"100\"><\/textarea><\/label><input type=\"hidden\" id=\"ak_js_1\" name=\"_wpcf7_ak_js\" value=\"41\"\/><script>document.getElementById( \"ak_js_1\" ).setAttribute( \"value\", ( new Date() ).getTime() );<\/script><\/p><div class=\"wpcf7-response-output\" aria-hidden=\"true\"><\/div>\n<\/form>\n<\/div>\n[\/vc_column][\/vc_row]<\/p>\n","protected":false},"excerpt":{"rendered":"<p>[vc_row txt_section_align=\u00a0\u00bbtxt-center\u00a0\u00bb css=\u00a0\u00bb.vc_custom_1423955975953{padding-top: 70px !important;padding-bottom: 70px !important;}\u00a0\u00bb][vc_column][\/vc_column][\/vc_row][vc_row css=\u00a0\u00bb.vc_custom_1423956509531{padding-right: 0px !important;padding-bottom: 80px !important;padding-left: 0px !important;}\u00a0\u00bb][vc_column width=\u00a0\u00bb1\/2&Prime;][vc_column_text]Nous serions ravis d&rsquo;\u00e9changer avec vous, alors n&rsquo;h\u00e9sitez pas \u00e0 utiliser les coordonn\u00e9es ci-dessous ou le formulaire de contact situ\u00e9 droite. Nous vous r\u00e9pondrons au plus tard dans les 48 heures ! Email info@roseworks-marketing.com T\u00e9l\u00e9phone +1 (646) 321-5569[\/vc_column_text][\/vc_column][vc_column width=\u00a0\u00bb1\/2&Prime;][\/vc_column][\/vc_row]<\/p>\n","protected":false},"author":1,"featured_media":0,"parent":0,"menu_order":5,"comment_status":"open","ping_status":"closed","template":"","meta":[],"yoast_head":"<!-- This site is optimized with the Yoast SEO plugin v20.1 - https:\/\/yoast.com\/wordpress\/plugins\/seo\/ -->\n<title>Contact - Roseworks Marketing<\/title>\n<meta name=\"robots\" content=\"index, follow, max-snippet:-1, max-image-preview:large, max-video-preview:-1\" \/>\n<link rel=\"canonical\" href=\"http:\/\/www.roseworks-marketing.com\/fr\/contact\/\" \/>\n<meta name=\"twitter:label1\" content=\"Dur\u00e9e de lecture estim\u00e9e\" \/>\n\t<meta name=\"twitter:data1\" content=\"1 minute\" \/>\n<script type=\"application\/ld+json\" class=\"yoast-schema-graph\">{\"@context\":\"https:\/\/schema.org\",\"@graph\":[{\"@type\":\"WebPage\",\"@id\":\"http:\/\/www.roseworks-marketing.com\/fr\/contact\/\",\"url\":\"http:\/\/www.roseworks-marketing.com\/fr\/contact\/\",\"name\":\"Contact - Roseworks Marketing\",\"isPartOf\":{\"@id\":\"http:\/\/www.roseworks-marketing.com\/#website\"},\"datePublished\":\"2017-02-09T10:41:12+00:00\",\"dateModified\":\"2017-02-13T11:02:49+00:00\",\"breadcrumb\":{\"@id\":\"http:\/\/www.roseworks-marketing.com\/fr\/contact\/#breadcrumb\"},\"inLanguage\":\"fr-FR\",\"potentialAction\":[{\"@type\":\"ReadAction\",\"target\":[\"http:\/\/www.roseworks-marketing.com\/fr\/contact\/\"]}]},{\"@type\":\"BreadcrumbList\",\"@id\":\"http:\/\/www.roseworks-marketing.com\/fr\/contact\/#breadcrumb\",\"itemListElement\":[{\"@type\":\"ListItem\",\"position\":1,\"name\":\"Home\",\"item\":\"http:\/\/www.roseworks-marketing.com\/fr\/\"},{\"@type\":\"ListItem\",\"position\":2,\"name\":\"Contact\"}]},{\"@type\":\"WebSite\",\"@id\":\"http:\/\/www.roseworks-marketing.com\/#website\",\"url\":\"http:\/\/www.roseworks-marketing.com\/\",\"name\":\"Roseworks Marketing\",\"description\":\"\",\"potentialAction\":[{\"@type\":\"SearchAction\",\"target\":{\"@type\":\"EntryPoint\",\"urlTemplate\":\"http:\/\/www.roseworks-marketing.com\/?s={search_term_string}\"},\"query-input\":\"required name=search_term_string\"}],\"inLanguage\":\"fr-FR\"}]}<\/script>\n<!-- \/ Yoast SEO plugin. -->","yoast_head_json":{"title":"Contact - Roseworks Marketing","robots":{"index":"index","follow":"follow","max-snippet":"max-snippet:-1","max-image-preview":"max-image-preview:large","max-video-preview":"max-video-preview:-1"},"canonical":"http:\/\/www.roseworks-marketing.com\/fr\/contact\/","twitter_misc":{"Dur\u00e9e de lecture estim\u00e9e":"1 minute"},"schema":{"@context":"https:\/\/schema.org","@graph":[{"@type":"WebPage","@id":"http:\/\/www.roseworks-marketing.com\/fr\/contact\/","url":"http:\/\/www.roseworks-marketing.com\/fr\/contact\/","name":"Contact - Roseworks Marketing","isPartOf":{"@id":"http:\/\/www.roseworks-marketing.com\/#website"},"datePublished":"2017-02-09T10:41:12+00:00","dateModified":"2017-02-13T11:02:49+00:00","breadcrumb":{"@id":"http:\/\/www.roseworks-marketing.com\/fr\/contact\/#breadcrumb"},"inLanguage":"fr-FR","potentialAction":[{"@type":"ReadAction","target":["http:\/\/www.roseworks-marketing.com\/fr\/contact\/"]}]},{"@type":"BreadcrumbList","@id":"http:\/\/www.roseworks-marketing.com\/fr\/contact\/#breadcrumb","itemListElement":[{"@type":"ListItem","position":1,"name":"Home","item":"http:\/\/www.roseworks-marketing.com\/fr\/"},{"@type":"ListItem","position":2,"name":"Contact"}]},{"@type":"WebSite","@id":"http:\/\/www.roseworks-marketing.com\/#website","url":"http:\/\/www.roseworks-marketing.com\/","name":"Roseworks Marketing","description":"","potentialAction":[{"@type":"SearchAction","target":{"@type":"EntryPoint","urlTemplate":"http:\/\/www.roseworks-marketing.com\/?s={search_term_string}"},"query-input":"required name=search_term_string"}],"inLanguage":"fr-FR"}]}},"_links":{"self":[{"href":"http:\/\/www.roseworks-marketing.com\/fr\/wp-json\/wp\/v2\/pages\/3714"}],"collection":[{"href":"http:\/\/www.roseworks-marketing.com\/fr\/wp-json\/wp\/v2\/pages"}],"about":[{"href":"http:\/\/www.roseworks-marketing.com\/fr\/wp-json\/wp\/v2\/types\/page"}],"author":[{"embeddable":true,"href":"http:\/\/www.roseworks-marketing.com\/fr\/wp-json\/wp\/v2\/users\/1"}],"replies":[{"embeddable":true,"href":"http:\/\/www.roseworks-marketing.com\/fr\/wp-json\/wp\/v2\/comments?post=3714"}],"version-history":[{"count":4,"href":"http:\/\/www.roseworks-marketing.com\/fr\/wp-json\/wp\/v2\/pages\/3714\/revisions"}],"predecessor-version":[{"id":3736,"href":"http:\/\/www.roseworks-marketing.com\/fr\/wp-json\/wp\/v2\/pages\/3714\/revisions\/3736"}],"wp:attachment":[{"href":"http:\/\/www.roseworks-marketing.com\/fr\/wp-json\/wp\/v2\/media?parent=3714"}],"curies":[{"name":"wp","href":"https:\/\/api.w.org\/{rel}","templated":true}]}}