{"id":3720,"date":"2017-02-13T10:39:22","date_gmt":"2017-02-13T10:39:22","guid":{"rendered":"http:\/\/www.roseworks-marketing.com\/?page_id=3720\/"},"modified":"2017-02-13T10:40:27","modified_gmt":"2017-02-13T10:40:27","slug":"veronique-hennebelle","status":"publish","type":"page","link":"http:\/\/www.roseworks-marketing.com\/fr\/veronique-hennebelle\/","title":{"rendered":"V\u00e9ronique Hennebelle"},"content":{"rendered":"<p>[vc_row css=\u00a0\u00bb.vc_custom_1423952335447{padding-top: 70px !important;padding-bottom: 70px !important;}\u00a0\u00bb][vc_column]<h2 class=\"txt-center\" >Mon histoire<\/h2><div class=\"to-spacer \" style=\"height:30px\"><\/div>[vc_column_text]<\/p>\n<p style=\"text-align: justify;\">V\u00e9ronique, apr\u00e8s avoir termin\u00e9 ses \u00e9tudes de tourisme en France, est partie vivre aux Etats-Unis o\u00f9 elle a commenc\u00e9 sa carri\u00e8re en dirigeant l&rsquo;une des plus importantes agences de voyages en France, Nouvelles Fronti\u00e8res, pendant 10 ans.<\/p>\n<p style=\"text-align: justify;\">Gr\u00e2ce \u00e0 plus de 25 ans d&rsquo;exp\u00e9rience en tant que directrice des ventes et du marketing dans le secteur du tourisme, pour de grandes soci\u00e9t\u00e9s internationales de renom (UCPA, Voyageurs du Monde, Voyages-sncf.com &#8230;) V\u00e9ronique dispose d\u2019une grande expertise en analyse de march\u00e9s concurrentiels, en n\u00e9gociation de contrats, en organisation d&rsquo;\u00e9v\u00e9nements, en mise en place de partenariats, en lancement de nouveaux produits, ainsi qu\u2019en positionnement sur le march\u00e9 fran\u00e7ais et \u00e0 l&rsquo;\u00e9tranger. De plus, alors que ses exp\u00e9riences professionnelles lui ont permis de disposer d&rsquo;un riche ensemble de comp\u00e9tences, y compris en mati\u00e8re de services premium \u00e0 la client\u00e8le et de d\u00e9veloppement de nouvelles opportunit\u00e9s, elle excelle dans le secteur des ventes B2B et B2C.<\/p>\n<p style=\"text-align: justify;\">Ses comp\u00e9tences incluent : d\u00e9veloppement commercial, planification et promotion de projets, d\u00e9veloppement de marque. Parmi ses exp\u00e9riences r\u00e9centes, on peut citer le lancement de la marque Voyages-SCNF dans 30 pays d&rsquo;Europe (march\u00e9 B2B). Elle est titulaire d&rsquo;une licence en d\u00e9veloppement et distribution touristiques et d&rsquo;une ma\u00eetrise d&rsquo;arts en litt\u00e9rature anglaise et civilisations.<\/p>\n<p>[\/vc_column_text]<div class=\"to-spacer \" style=\"height:30px\"><\/div>[vc_column_text]<\/p>\n<h3><strong>Contacter V\u00e9ronique<\/strong><\/h3>\n<p><strong>Email<\/strong><br \/>\n<span style=\"color: #ff7f88;\"><strong>Veronique@Roseworks-Marketing.com<\/strong><\/span>[\/vc_column_text][\/vc_column][\/vc_row]<\/p>\n","protected":false},"excerpt":{"rendered":"<p>[vc_row css=\u00a0\u00bb.vc_custom_1423952335447{padding-top: 70px !important;padding-bottom: 70px !important;}\u00a0\u00bb][vc_column][vc_column_text] V\u00e9ronique, apr\u00e8s avoir termin\u00e9 ses \u00e9tudes de tourisme en France, est partie vivre aux Etats-Unis o\u00f9 elle a commenc\u00e9 sa carri\u00e8re en dirigeant l&rsquo;une des plus importantes agences de voyages en France, Nouvelles Fronti\u00e8res, pendant 10 ans. Gr\u00e2ce \u00e0 plus de 25 ans d&rsquo;exp\u00e9rience en tant que directrice des ventes et du marketing dans le secteur du tourisme, pour de grandes soci\u00e9t\u00e9s internationales de renom (UCPA, Voyageurs du Monde,<\/p>\n","protected":false},"author":1,"featured_media":0,"parent":0,"menu_order":2,"comment_status":"open","ping_status":"closed","template":"","meta":[],"yoast_head":"<!-- This site is optimized with the Yoast SEO plugin v20.1 - https:\/\/yoast.com\/wordpress\/plugins\/seo\/ -->\n<title>V\u00e9ronique Hennebelle - Roseworks Marketing<\/title>\n<meta name=\"robots\" content=\"index, follow, max-snippet:-1, max-image-preview:large, max-video-preview:-1\" \/>\n<link rel=\"canonical\" href=\"http:\/\/www.roseworks-marketing.com\/fr\/veronique-hennebelle\/\" \/>\n<meta name=\"twitter:label1\" content=\"Dur\u00e9e de lecture estim\u00e9e\" \/>\n\t<meta name=\"twitter:data1\" content=\"1 minute\" \/>\n<script type=\"application\/ld+json\" class=\"yoast-schema-graph\">{\"@context\":\"https:\/\/schema.org\",\"@graph\":[{\"@type\":\"WebPage\",\"@id\":\"http:\/\/www.roseworks-marketing.com\/fr\/veronique-hennebelle\/\",\"url\":\"http:\/\/www.roseworks-marketing.com\/fr\/veronique-hennebelle\/\",\"name\":\"V\u00e9ronique Hennebelle - Roseworks Marketing\",\"isPartOf\":{\"@id\":\"http:\/\/www.roseworks-marketing.com\/#website\"},\"datePublished\":\"2017-02-13T10:39:22+00:00\",\"dateModified\":\"2017-02-13T10:40:27+00:00\",\"breadcrumb\":{\"@id\":\"http:\/\/www.roseworks-marketing.com\/fr\/veronique-hennebelle\/#breadcrumb\"},\"inLanguage\":\"fr-FR\",\"potentialAction\":[{\"@type\":\"ReadAction\",\"target\":[\"http:\/\/www.roseworks-marketing.com\/fr\/veronique-hennebelle\/\"]}]},{\"@type\":\"BreadcrumbList\",\"@id\":\"http:\/\/www.roseworks-marketing.com\/fr\/veronique-hennebelle\/#breadcrumb\",\"itemListElement\":[{\"@type\":\"ListItem\",\"position\":1,\"name\":\"Home\",\"item\":\"http:\/\/www.roseworks-marketing.com\/fr\/\"},{\"@type\":\"ListItem\",\"position\":2,\"name\":\"V\u00e9ronique Hennebelle\"}]},{\"@type\":\"WebSite\",\"@id\":\"http:\/\/www.roseworks-marketing.com\/#website\",\"url\":\"http:\/\/www.roseworks-marketing.com\/\",\"name\":\"Roseworks Marketing\",\"description\":\"\",\"potentialAction\":[{\"@type\":\"SearchAction\",\"target\":{\"@type\":\"EntryPoint\",\"urlTemplate\":\"http:\/\/www.roseworks-marketing.com\/?s={search_term_string}\"},\"query-input\":\"required name=search_term_string\"}],\"inLanguage\":\"fr-FR\"}]}<\/script>\n<!-- \/ Yoast SEO plugin. -->","yoast_head_json":{"title":"V\u00e9ronique Hennebelle - Roseworks Marketing","robots":{"index":"index","follow":"follow","max-snippet":"max-snippet:-1","max-image-preview":"max-image-preview:large","max-video-preview":"max-video-preview:-1"},"canonical":"http:\/\/www.roseworks-marketing.com\/fr\/veronique-hennebelle\/","twitter_misc":{"Dur\u00e9e de lecture estim\u00e9e":"1 minute"},"schema":{"@context":"https:\/\/schema.org","@graph":[{"@type":"WebPage","@id":"http:\/\/www.roseworks-marketing.com\/fr\/veronique-hennebelle\/","url":"http:\/\/www.roseworks-marketing.com\/fr\/veronique-hennebelle\/","name":"V\u00e9ronique Hennebelle - Roseworks Marketing","isPartOf":{"@id":"http:\/\/www.roseworks-marketing.com\/#website"},"datePublished":"2017-02-13T10:39:22+00:00","dateModified":"2017-02-13T10:40:27+00:00","breadcrumb":{"@id":"http:\/\/www.roseworks-marketing.com\/fr\/veronique-hennebelle\/#breadcrumb"},"inLanguage":"fr-FR","potentialAction":[{"@type":"ReadAction","target":["http:\/\/www.roseworks-marketing.com\/fr\/veronique-hennebelle\/"]}]},{"@type":"BreadcrumbList","@id":"http:\/\/www.roseworks-marketing.com\/fr\/veronique-hennebelle\/#breadcrumb","itemListElement":[{"@type":"ListItem","position":1,"name":"Home","item":"http:\/\/www.roseworks-marketing.com\/fr\/"},{"@type":"ListItem","position":2,"name":"V\u00e9ronique Hennebelle"}]},{"@type":"WebSite","@id":"http:\/\/www.roseworks-marketing.com\/#website","url":"http:\/\/www.roseworks-marketing.com\/","name":"Roseworks Marketing","description":"","potentialAction":[{"@type":"SearchAction","target":{"@type":"EntryPoint","urlTemplate":"http:\/\/www.roseworks-marketing.com\/?s={search_term_string}"},"query-input":"required name=search_term_string"}],"inLanguage":"fr-FR"}]}},"_links":{"self":[{"href":"http:\/\/www.roseworks-marketing.com\/fr\/wp-json\/wp\/v2\/pages\/3720"}],"collection":[{"href":"http:\/\/www.roseworks-marketing.com\/fr\/wp-json\/wp\/v2\/pages"}],"about":[{"href":"http:\/\/www.roseworks-marketing.com\/fr\/wp-json\/wp\/v2\/types\/page"}],"author":[{"embeddable":true,"href":"http:\/\/www.roseworks-marketing.com\/fr\/wp-json\/wp\/v2\/users\/1"}],"replies":[{"embeddable":true,"href":"http:\/\/www.roseworks-marketing.com\/fr\/wp-json\/wp\/v2\/comments?post=3720"}],"version-history":[{"count":1,"href":"http:\/\/www.roseworks-marketing.com\/fr\/wp-json\/wp\/v2\/pages\/3720\/revisions"}],"predecessor-version":[{"id":3721,"href":"http:\/\/www.roseworks-marketing.com\/fr\/wp-json\/wp\/v2\/pages\/3720\/revisions\/3721"}],"wp:attachment":[{"href":"http:\/\/www.roseworks-marketing.com\/fr\/wp-json\/wp\/v2\/media?parent=3720"}],"curies":[{"name":"wp","href":"https:\/\/api.w.org\/{rel}","templated":true}]}}