{"id":3722,"date":"2017-02-13T10:43:57","date_gmt":"2017-02-13T10:43:57","guid":{"rendered":"http:\/\/www.roseworks-marketing.com\/?page_id=3722\/"},"modified":"2017-02-13T10:43:57","modified_gmt":"2017-02-13T10:43:57","slug":"rosemarie-reyes","status":"publish","type":"page","link":"http:\/\/www.roseworks-marketing.com\/fr\/rosemarie-reyes\/","title":{"rendered":"Rosemarie Reyes"},"content":{"rendered":"<p>[vc_row css=\u00a0\u00bb.vc_custom_1423952335447{padding-top: 70px !important;padding-bottom: 70px !important;}\u00a0\u00bb][vc_column]<h2 class=\"txt-center\" >Mon histoire<\/h2><div class=\"to-spacer \" style=\"height:30px\"><\/div>[vc_column_text]<\/p>\n<p style=\"text-align: justify;\">Rosemarie est n\u00e9e \u00e0 New York et a plus de 30 ann\u00e9es d&rsquo;exp\u00e9rience dans le tourisme avec des grossistes en voyages, \u00e0 New York et en France. En 2002, elle a cr\u00e9\u00e9 Roseworks Marketing, un cabinet de conseil en communication strat\u00e9gique et en marketing, sp\u00e9cialis\u00e9 dans le tourisme et le divertissement.<\/p>\n<p style=\"text-align: justify;\">Parmi ses nombreux clients, on retrouve : des spectacles de Broadway \/ West End tels que MAMMA MIA !, WICKED, BLUE MAN GROUP, et CHICAGO ; des grossistes en voyages, comme Travel Bound (Kuoni Travel Group), AlliedTPro (Kuoni Travel Group), Opentours, Inc. ; des agences de voyage en ligne comme City Discovery Tours ; des organisations de gestion des destinations telles que l&rsquo;Office de Tourisme de l&rsquo;\u00c9tat de Californie et des alliances strat\u00e9giques comme Shop America Alliance\/Tours et Andersen Retail Tourism. Ses clients r\u00e9cents incluent le Whitney Museum of American Art et le Ground Zero Museum Workshop ainsi que l&rsquo;attraction parisienne \u00ab Cyclo-Caf\u00e9 \u00bb.<\/p>\n<p style=\"text-align: justify;\">Rosemarie a voyag\u00e9 dans plus de 30 pays et adore l&rsquo;id\u00e9e d&rsquo;essayer une nouvelle destination chaque ann\u00e9e. Rosemarie est titulaire de dipl\u00f4mes de CUNY City College, de l&rsquo;Universit\u00e9 nationale d&rsquo;Irlande Galway et de l&rsquo;Universit\u00e9 de Columbia. Elle parle 3 langues.<\/p>\n<p>[\/vc_column_text]<div class=\"to-spacer \" style=\"height:30px\"><\/div>[vc_column_text]<\/p>\n<h3><strong>Contacter Rosemarie<\/strong><\/h3>\n<p><strong>Email<\/strong><br \/>\n<span style=\"color: #ff7f88;\"><strong>Rose@Roseworks-Marketing.com<\/strong><\/span>[\/vc_column_text][\/vc_column][\/vc_row]<\/p>\n","protected":false},"excerpt":{"rendered":"<p>[vc_row css=\u00a0\u00bb.vc_custom_1423952335447{padding-top: 70px !important;padding-bottom: 70px !important;}\u00a0\u00bb][vc_column][vc_column_text] Rosemarie est n\u00e9e \u00e0 New York et a plus de 30 ann\u00e9es d&rsquo;exp\u00e9rience dans le tourisme avec des grossistes en voyages, \u00e0 New York et en France. En 2002, elle a cr\u00e9\u00e9 Roseworks Marketing, un cabinet de conseil en communication strat\u00e9gique et en marketing, sp\u00e9cialis\u00e9 dans le tourisme et le divertissement. Parmi ses nombreux clients, on retrouve : des spectacles de Broadway \/ West End tels que MAMMA MIA<\/p>\n","protected":false},"author":1,"featured_media":0,"parent":0,"menu_order":2,"comment_status":"open","ping_status":"closed","template":"","meta":[],"yoast_head":"<!-- This site is optimized with the Yoast SEO plugin v20.1 - https:\/\/yoast.com\/wordpress\/plugins\/seo\/ -->\n<title>Rosemarie Reyes - Roseworks Marketing<\/title>\n<meta name=\"robots\" content=\"index, follow, max-snippet:-1, max-image-preview:large, max-video-preview:-1\" \/>\n<link rel=\"canonical\" href=\"http:\/\/www.roseworks-marketing.com\/fr\/rosemarie-reyes\/\" \/>\n<meta name=\"twitter:label1\" content=\"Dur\u00e9e de lecture estim\u00e9e\" \/>\n\t<meta name=\"twitter:data1\" content=\"1 minute\" \/>\n<script type=\"application\/ld+json\" class=\"yoast-schema-graph\">{\"@context\":\"https:\/\/schema.org\",\"@graph\":[{\"@type\":\"WebPage\",\"@id\":\"http:\/\/www.roseworks-marketing.com\/fr\/rosemarie-reyes\/\",\"url\":\"http:\/\/www.roseworks-marketing.com\/fr\/rosemarie-reyes\/\",\"name\":\"Rosemarie Reyes - Roseworks Marketing\",\"isPartOf\":{\"@id\":\"http:\/\/www.roseworks-marketing.com\/#website\"},\"datePublished\":\"2017-02-13T10:43:57+00:00\",\"dateModified\":\"2017-02-13T10:43:57+00:00\",\"breadcrumb\":{\"@id\":\"http:\/\/www.roseworks-marketing.com\/fr\/rosemarie-reyes\/#breadcrumb\"},\"inLanguage\":\"fr-FR\",\"potentialAction\":[{\"@type\":\"ReadAction\",\"target\":[\"http:\/\/www.roseworks-marketing.com\/fr\/rosemarie-reyes\/\"]}]},{\"@type\":\"BreadcrumbList\",\"@id\":\"http:\/\/www.roseworks-marketing.com\/fr\/rosemarie-reyes\/#breadcrumb\",\"itemListElement\":[{\"@type\":\"ListItem\",\"position\":1,\"name\":\"Home\",\"item\":\"http:\/\/www.roseworks-marketing.com\/fr\/\"},{\"@type\":\"ListItem\",\"position\":2,\"name\":\"Rosemarie Reyes\"}]},{\"@type\":\"WebSite\",\"@id\":\"http:\/\/www.roseworks-marketing.com\/#website\",\"url\":\"http:\/\/www.roseworks-marketing.com\/\",\"name\":\"Roseworks Marketing\",\"description\":\"\",\"potentialAction\":[{\"@type\":\"SearchAction\",\"target\":{\"@type\":\"EntryPoint\",\"urlTemplate\":\"http:\/\/www.roseworks-marketing.com\/?s={search_term_string}\"},\"query-input\":\"required name=search_term_string\"}],\"inLanguage\":\"fr-FR\"}]}<\/script>\n<!-- \/ Yoast SEO plugin. -->","yoast_head_json":{"title":"Rosemarie Reyes - Roseworks Marketing","robots":{"index":"index","follow":"follow","max-snippet":"max-snippet:-1","max-image-preview":"max-image-preview:large","max-video-preview":"max-video-preview:-1"},"canonical":"http:\/\/www.roseworks-marketing.com\/fr\/rosemarie-reyes\/","twitter_misc":{"Dur\u00e9e de lecture estim\u00e9e":"1 minute"},"schema":{"@context":"https:\/\/schema.org","@graph":[{"@type":"WebPage","@id":"http:\/\/www.roseworks-marketing.com\/fr\/rosemarie-reyes\/","url":"http:\/\/www.roseworks-marketing.com\/fr\/rosemarie-reyes\/","name":"Rosemarie Reyes - Roseworks Marketing","isPartOf":{"@id":"http:\/\/www.roseworks-marketing.com\/#website"},"datePublished":"2017-02-13T10:43:57+00:00","dateModified":"2017-02-13T10:43:57+00:00","breadcrumb":{"@id":"http:\/\/www.roseworks-marketing.com\/fr\/rosemarie-reyes\/#breadcrumb"},"inLanguage":"fr-FR","potentialAction":[{"@type":"ReadAction","target":["http:\/\/www.roseworks-marketing.com\/fr\/rosemarie-reyes\/"]}]},{"@type":"BreadcrumbList","@id":"http:\/\/www.roseworks-marketing.com\/fr\/rosemarie-reyes\/#breadcrumb","itemListElement":[{"@type":"ListItem","position":1,"name":"Home","item":"http:\/\/www.roseworks-marketing.com\/fr\/"},{"@type":"ListItem","position":2,"name":"Rosemarie Reyes"}]},{"@type":"WebSite","@id":"http:\/\/www.roseworks-marketing.com\/#website","url":"http:\/\/www.roseworks-marketing.com\/","name":"Roseworks Marketing","description":"","potentialAction":[{"@type":"SearchAction","target":{"@type":"EntryPoint","urlTemplate":"http:\/\/www.roseworks-marketing.com\/?s={search_term_string}"},"query-input":"required name=search_term_string"}],"inLanguage":"fr-FR"}]}},"_links":{"self":[{"href":"http:\/\/www.roseworks-marketing.com\/fr\/wp-json\/wp\/v2\/pages\/3722"}],"collection":[{"href":"http:\/\/www.roseworks-marketing.com\/fr\/wp-json\/wp\/v2\/pages"}],"about":[{"href":"http:\/\/www.roseworks-marketing.com\/fr\/wp-json\/wp\/v2\/types\/page"}],"author":[{"embeddable":true,"href":"http:\/\/www.roseworks-marketing.com\/fr\/wp-json\/wp\/v2\/users\/1"}],"replies":[{"embeddable":true,"href":"http:\/\/www.roseworks-marketing.com\/fr\/wp-json\/wp\/v2\/comments?post=3722"}],"version-history":[{"count":1,"href":"http:\/\/www.roseworks-marketing.com\/fr\/wp-json\/wp\/v2\/pages\/3722\/revisions"}],"predecessor-version":[{"id":3723,"href":"http:\/\/www.roseworks-marketing.com\/fr\/wp-json\/wp\/v2\/pages\/3722\/revisions\/3723"}],"wp:attachment":[{"href":"http:\/\/www.roseworks-marketing.com\/fr\/wp-json\/wp\/v2\/media?parent=3722"}],"curies":[{"name":"wp","href":"https:\/\/api.w.org\/{rel}","templated":true}]}}