{"id":3724,"date":"2017-02-13T10:46:56","date_gmt":"2017-02-13T10:46:56","guid":{"rendered":"http:\/\/www.roseworks-marketing.com\/?page_id=3724\/"},"modified":"2017-02-13T10:46:56","modified_gmt":"2017-02-13T10:46:56","slug":"shoshana-puccia","status":"publish","type":"page","link":"http:\/\/www.roseworks-marketing.com\/fr\/shoshana-puccia\/","title":{"rendered":"Shoshana Puccia"},"content":{"rendered":"<p>[vc_row css=\u00a0\u00bb.vc_custom_1423952335447{padding-top: 70px !important;padding-bottom: 70px !important;}\u00a0\u00bb][vc_column]<h2 class=\"txt-center\" >Mon histoire<\/h2><div class=\"to-spacer \" style=\"height:30px\"><\/div>[vc_column_text]<\/p>\n<p style=\"text-align: justify;\">Shoshana Puccia est une manageuse confirm\u00e9e, b\u00e9n\u00e9ficiant de plus de 20 ans d&rsquo;exp\u00e9rience en marketing et dans l&rsquo;industrie touristique. Au cours de sa carri\u00e8re, elle a occup\u00e9 des postes en marketing \u00e0 la c\u00e9l\u00e8bre Santa Monica Place, \u00e0 la Glendale Galleria, au Beverly Center, aux Universal Studios d&rsquo;Hollywood et au J. Paul Getty Museum. Les exp\u00e9riences tr\u00e8s diversifi\u00e9es de Puccia incluent \u00e9galement la supervision du marketing pour Child S.H.A.R.E., une association \u00e0 but non lucratif qui permet \u00e0 des enfants maltrait\u00e9s et en danger de trouver un foyer.<\/p>\n<p style=\"text-align: justify;\">Plus r\u00e9cemment, en tant que Senior Marketing Director pour la Santa Monica Place, Puccia a mis en place une nouvelle approche en dirigeant une \u00e9quipe de marketing in situ, afin de d\u00e9velopper des strat\u00e9gies innovantes en marketing et en tourisme. Puccia a jou\u00e9 un r\u00f4le de premier plan dans la Santa Monica Place, un luxueux centre commercial en bord de mer, unique en son genre, recevant pour l\u2019occasion l\u2019accr\u00e9ditation \u00ab China-Ready \u00bb du Los Angeles Tourism &amp; Convention Board. Elle a \u00e9t\u00e9 distingu\u00e9e pour son expertise touristique et ses initiatives par la California Travel Association qui attribua le prix du revendeur de l&rsquo;ann\u00e9e 2016 \u00e0 la Santa Monica Place. Puccia a remport\u00e9 de nombreux troph\u00e9es en marketing, dont le MAXI &#8211; le prix du marketing du International Council of Shopping Center ainsi que 9 prix \u00ab Macerich WOW \u00bb. Puccia a r\u00e9cemment \u00e9t\u00e9 nomm\u00e9 par le \u00ab Los Angeles Magazine\u00bb pour si\u00e9ger au L.A. Woman Selection Committee 2016.<\/p>\n<p style=\"text-align: justify;\">Puccia est tr\u00e8s impliqu\u00e9e dans la communaut\u00e9 de Santa Monica et a travaill\u00e9 au sein du \u00ab executive Santa Monica Travel and Tourism planning committee \u00bb pour la conf\u00e9rence internationale \u00ab One Travel \u00bb, ainsi qu&rsquo;au Corporate Partnership Committee pour le compte de la Santa Monica, Malibu Education Foundation. Par le pass\u00e9, Puccia fut \u00e9galement \u00e9t\u00e9 membre de diff\u00e9rentes institutions, si\u00e9geant notamment au Conseil d&rsquo;Administration du Los Angeles&rsquo; Latino Heritage Month , ou pr\u00e9sidant la City of Covina Arts Commission. Elle fut \u00e9galement administratrice de BookEnds, un programme d&rsquo;alphab\u00e9tisation sans but lucratif.<\/p>\n<p>[\/vc_column_text]<div class=\"to-spacer \" style=\"height:30px\"><\/div>[vc_column_text]<\/p>\n<h3><strong>Contacter Shoshana<\/strong><\/h3>\n<p><strong>Email<\/strong><br \/>\n<span style=\"color: #ff7f88;\"><strong>Shoshana@Roseworks-Marketing.com<\/strong><\/span>[\/vc_column_text][\/vc_column][\/vc_row]<\/p>\n","protected":false},"excerpt":{"rendered":"<p>[vc_row css=\u00a0\u00bb.vc_custom_1423952335447{padding-top: 70px !important;padding-bottom: 70px !important;}\u00a0\u00bb][vc_column][vc_column_text] Shoshana Puccia est une manageuse confirm\u00e9e, b\u00e9n\u00e9ficiant de plus de 20 ans d&rsquo;exp\u00e9rience en marketing et dans l&rsquo;industrie touristique. Au cours de sa carri\u00e8re, elle a occup\u00e9 des postes en marketing \u00e0 la c\u00e9l\u00e8bre Santa Monica Place, \u00e0 la Glendale Galleria, au Beverly Center, aux Universal Studios d&rsquo;Hollywood et au J. Paul Getty Museum. Les exp\u00e9riences tr\u00e8s diversifi\u00e9es de Puccia incluent \u00e9galement la supervision du marketing pour Child S.H.A.R.E.,<\/p>\n","protected":false},"author":1,"featured_media":0,"parent":0,"menu_order":2,"comment_status":"open","ping_status":"closed","template":"","meta":[],"yoast_head":"<!-- This site is optimized with the Yoast SEO plugin v20.1 - https:\/\/yoast.com\/wordpress\/plugins\/seo\/ -->\n<title>Shoshana Puccia - Roseworks Marketing<\/title>\n<meta name=\"robots\" content=\"index, follow, max-snippet:-1, max-image-preview:large, max-video-preview:-1\" \/>\n<link rel=\"canonical\" href=\"http:\/\/www.roseworks-marketing.com\/fr\/shoshana-puccia\/\" \/>\n<meta name=\"twitter:label1\" content=\"Dur\u00e9e de lecture estim\u00e9e\" \/>\n\t<meta name=\"twitter:data1\" content=\"2 minutes\" \/>\n<script type=\"application\/ld+json\" class=\"yoast-schema-graph\">{\"@context\":\"https:\/\/schema.org\",\"@graph\":[{\"@type\":\"WebPage\",\"@id\":\"http:\/\/www.roseworks-marketing.com\/fr\/shoshana-puccia\/\",\"url\":\"http:\/\/www.roseworks-marketing.com\/fr\/shoshana-puccia\/\",\"name\":\"Shoshana Puccia - Roseworks Marketing\",\"isPartOf\":{\"@id\":\"http:\/\/www.roseworks-marketing.com\/#website\"},\"datePublished\":\"2017-02-13T10:46:56+00:00\",\"dateModified\":\"2017-02-13T10:46:56+00:00\",\"breadcrumb\":{\"@id\":\"http:\/\/www.roseworks-marketing.com\/fr\/shoshana-puccia\/#breadcrumb\"},\"inLanguage\":\"fr-FR\",\"potentialAction\":[{\"@type\":\"ReadAction\",\"target\":[\"http:\/\/www.roseworks-marketing.com\/fr\/shoshana-puccia\/\"]}]},{\"@type\":\"BreadcrumbList\",\"@id\":\"http:\/\/www.roseworks-marketing.com\/fr\/shoshana-puccia\/#breadcrumb\",\"itemListElement\":[{\"@type\":\"ListItem\",\"position\":1,\"name\":\"Home\",\"item\":\"http:\/\/www.roseworks-marketing.com\/fr\/\"},{\"@type\":\"ListItem\",\"position\":2,\"name\":\"Shoshana Puccia\"}]},{\"@type\":\"WebSite\",\"@id\":\"http:\/\/www.roseworks-marketing.com\/#website\",\"url\":\"http:\/\/www.roseworks-marketing.com\/\",\"name\":\"Roseworks Marketing\",\"description\":\"\",\"potentialAction\":[{\"@type\":\"SearchAction\",\"target\":{\"@type\":\"EntryPoint\",\"urlTemplate\":\"http:\/\/www.roseworks-marketing.com\/?s={search_term_string}\"},\"query-input\":\"required name=search_term_string\"}],\"inLanguage\":\"fr-FR\"}]}<\/script>\n<!-- \/ Yoast SEO plugin. -->","yoast_head_json":{"title":"Shoshana Puccia - Roseworks Marketing","robots":{"index":"index","follow":"follow","max-snippet":"max-snippet:-1","max-image-preview":"max-image-preview:large","max-video-preview":"max-video-preview:-1"},"canonical":"http:\/\/www.roseworks-marketing.com\/fr\/shoshana-puccia\/","twitter_misc":{"Dur\u00e9e de lecture estim\u00e9e":"2 minutes"},"schema":{"@context":"https:\/\/schema.org","@graph":[{"@type":"WebPage","@id":"http:\/\/www.roseworks-marketing.com\/fr\/shoshana-puccia\/","url":"http:\/\/www.roseworks-marketing.com\/fr\/shoshana-puccia\/","name":"Shoshana Puccia - Roseworks Marketing","isPartOf":{"@id":"http:\/\/www.roseworks-marketing.com\/#website"},"datePublished":"2017-02-13T10:46:56+00:00","dateModified":"2017-02-13T10:46:56+00:00","breadcrumb":{"@id":"http:\/\/www.roseworks-marketing.com\/fr\/shoshana-puccia\/#breadcrumb"},"inLanguage":"fr-FR","potentialAction":[{"@type":"ReadAction","target":["http:\/\/www.roseworks-marketing.com\/fr\/shoshana-puccia\/"]}]},{"@type":"BreadcrumbList","@id":"http:\/\/www.roseworks-marketing.com\/fr\/shoshana-puccia\/#breadcrumb","itemListElement":[{"@type":"ListItem","position":1,"name":"Home","item":"http:\/\/www.roseworks-marketing.com\/fr\/"},{"@type":"ListItem","position":2,"name":"Shoshana Puccia"}]},{"@type":"WebSite","@id":"http:\/\/www.roseworks-marketing.com\/#website","url":"http:\/\/www.roseworks-marketing.com\/","name":"Roseworks Marketing","description":"","potentialAction":[{"@type":"SearchAction","target":{"@type":"EntryPoint","urlTemplate":"http:\/\/www.roseworks-marketing.com\/?s={search_term_string}"},"query-input":"required name=search_term_string"}],"inLanguage":"fr-FR"}]}},"_links":{"self":[{"href":"http:\/\/www.roseworks-marketing.com\/fr\/wp-json\/wp\/v2\/pages\/3724"}],"collection":[{"href":"http:\/\/www.roseworks-marketing.com\/fr\/wp-json\/wp\/v2\/pages"}],"about":[{"href":"http:\/\/www.roseworks-marketing.com\/fr\/wp-json\/wp\/v2\/types\/page"}],"author":[{"embeddable":true,"href":"http:\/\/www.roseworks-marketing.com\/fr\/wp-json\/wp\/v2\/users\/1"}],"replies":[{"embeddable":true,"href":"http:\/\/www.roseworks-marketing.com\/fr\/wp-json\/wp\/v2\/comments?post=3724"}],"version-history":[{"count":1,"href":"http:\/\/www.roseworks-marketing.com\/fr\/wp-json\/wp\/v2\/pages\/3724\/revisions"}],"predecessor-version":[{"id":3725,"href":"http:\/\/www.roseworks-marketing.com\/fr\/wp-json\/wp\/v2\/pages\/3724\/revisions\/3725"}],"wp:attachment":[{"href":"http:\/\/www.roseworks-marketing.com\/fr\/wp-json\/wp\/v2\/media?parent=3724"}],"curies":[{"name":"wp","href":"https:\/\/api.w.org\/{rel}","templated":true}]}}