{"id":3726,"date":"2017-02-13T10:53:46","date_gmt":"2017-02-13T10:53:46","guid":{"rendered":"http:\/\/www.roseworks-marketing.com\/?page_id=3726\/"},"modified":"2017-02-13T10:58:36","modified_gmt":"2017-02-13T10:58:36","slug":"partenaires-affilies","status":"publish","type":"page","link":"http:\/\/www.roseworks-marketing.com\/fr\/partenaires-affilies\/","title":{"rendered":"Partenaires et Affili\u00e9s"},"content":{"rendered":"<p>[vc_row css=\u00a0\u00bb.vc_custom_1423952335447{padding-top: 70px !important;padding-bottom: 70px !important;}\u00a0\u00bb][vc_column]<h2 class=\"txt-center\" >Nos partenaires et affili\u00e9s<\/h2><div class=\"to-spacer \" style=\"height:30px\"><\/div>[vc_column_text]<\/p>\n<p style=\"text-align: center;\">Nul ne peut se passer des autres : notre \u00e9quipe d&rsquo;experts qualifi\u00e9s saura vous fournir les strat\u00e9gies sur mesure les plus adapt\u00e9es \u00e0 vos probl\u00e9matiques. Rencontrez nos partenaires :<\/p>\n<p>[\/vc_column_text]<div class=\"to-spacer \" style=\"height:30px\"><\/div>[vc_row_inner equal_height=\u00a0\u00bbyes\u00a0\u00bb content_placement=\u00a0\u00bbmiddle\u00a0\u00bb txt_section_align=\u00a0\u00bbtxt-center\u00a0\u00bb][vc_column_inner width=\u00a0\u00bb1\/3&Prime; txt_column_align=\u00a0\u00bbtxt-center\u00a0\u00bb delay=\u00a0\u00bb0ms\u00a0\u00bb][vc_column_text]<img decoding=\"async\" class=\"aligncenter\" src=\"\/wp-content\/uploads\/2016\/11\/Instant-Expert.png\" alt=\"Logo Instant Expert\" \/>[\/vc_column_text][vc_column_text]<\/p>\n<h3 class=\"to-member-box-name\" style=\"text-align: center; margin-bottom: 2px;\">Instant Expert<\/h3>\n<p>[\/vc_column_text]<div class=\"to-spacer \" style=\"height:20px\"><\/div>[vc_column_text]<\/p>\n<p style=\"text-align: justify;\">B2Me Marketing &#8211; \u00ab Instant Expert \u00bb Formation approfondie pour les centres d&rsquo;appels et professionnels travaillant sur des produits touristiques.<\/p>\n<p>[\/vc_column_text][\/vc_column_inner][vc_column_inner width=\u00a0\u00bb1\/3&Prime;][vc_column_text]<img decoding=\"async\" class=\"aligncenter\" src=\"\/wp-content\/uploads\/2016\/11\/Fire-Starter-Brands.png\" alt=\"Logo Fire Starter Brands\" \/>[\/vc_column_text][vc_column_text]<\/p>\n<h3 class=\"to-member-box-name\" style=\"text-align: center; margin-bottom: 2px;\">Fire Starter Brands<\/h3>\n<p>[\/vc_column_text]<div class=\"to-spacer \" style=\"height:20px\"><\/div>[vc_column_text]<\/p>\n<p style=\"text-align: justify;\">Fire Starter Brands &#8211; Concepteur de certaines des meilleures initiatives commerciales \u00e0 destination des plus grands tour operators d&rsquo;Am\u00e9rique du Nord.<\/p>\n<p>[\/vc_column_text][\/vc_column_inner][vc_column_inner width=\u00a0\u00bb1\/3&Prime;][vc_column_text]<img decoding=\"async\" class=\"aligncenter\" src=\"\/wp-content\/uploads\/2016\/11\/Blackford-and-Associates.png\" alt=\"Logo Blackford and Associates\" \/>[\/vc_column_text][vc_column_text]<\/p>\n<h3 class=\"to-member-box-name\" style=\"text-align: center; margin-bottom: 2px;\">Blackford and Associates<\/h3>\n<p>[\/vc_column_text]<div class=\"to-spacer \" style=\"height:20px\"><\/div>[vc_column_text]<\/p>\n<p style=\"text-align: justify;\">Agence de relations publiques multiservices- Fond\u00e9e en 1998, Blackford and Associates est une agence de relations publiques multiservices. L&rsquo;un des principaux objectifs de Blackford and Associates est d&rsquo;aider ses clients \u00e0 am\u00e9liorer leur visibilit\u00e9 et \u00e0 se diff\u00e9rencier sur le march\u00e9.<\/p>\n<p>[\/vc_column_text][\/vc_column_inner][\/vc_row_inner]<div class=\"to-spacer \" style=\"height:20px\"><\/div>[vc_row_inner equal_height=\u00a0\u00bbyes\u00a0\u00bb content_placement=\u00a0\u00bbmiddle\u00a0\u00bb txt_section_align=\u00a0\u00bbtxt-center\u00a0\u00bb][vc_column_inner width=\u00a0\u00bb1\/3&Prime; txt_column_align=\u00a0\u00bbtxt-center\u00a0\u00bb delay=\u00a0\u00bb0ms\u00a0\u00bb][vc_column_text]<img decoding=\"async\" class=\"aligncenter\" src=\"\/wp-content\/uploads\/2017\/02\/Logo-CGraphika.png\" alt=\"Logo CGraphika\" \/>[\/vc_column_text][vc_column_text]<\/p>\n<h3 class=\"to-member-box-name\" style=\"text-align: center; margin-bottom: 2px;\">CGraphika<\/h3>\n<p>[\/vc_column_text]<div class=\"to-spacer \" style=\"height:20px\"><\/div>[vc_column_text]<\/p>\n<p style=\"text-align: justify;\">Bas\u00e9e \u00e0 Paris, CGraphika est une soci\u00e9t\u00e9 de d\u00e9veloppement de sites internet et de design graphique, pour les supports traditionnel et le web, intervenant \u00e0 chacune des \u00e9tapes n\u00e9cessaires \u00e0 la cr\u00e9ation de sites Web professionnels, cr\u00e9atifs et haut de gamme.<\/p>\n<p style=\"text-align: justify;\">Charly Awad, le fondateur, dispose d&rsquo;une forte exp\u00e9rience en gestion de projets, en web design et d\u00e9veloppement de sites internet. Il est titulaire d&rsquo;un doctorat en informatique. Il a \u00e9galement enseign\u00e9 \u00e0 des \u00e9tudiants universitaires diff\u00e9rentes mati\u00e8res, tout en \u00e9tant entrepreneur depuis 2009.<\/p>\n<p>[\/vc_column_text][\/vc_column_inner][vc_column_inner width=\u00a0\u00bb1\/3&Prime;][vc_column_text]<img decoding=\"async\" class=\"aligncenter\" src=\"\/wp-content\/uploads\/2016\/11\/Miss-Mediosa.png\" alt=\"Logo Miss Mediosa\" \/>[\/vc_column_text][vc_column_text]<\/p>\n<h3 class=\"to-member-box-name\" style=\"text-align: center; margin-bottom: 2px;\">Miss Mediosa<\/h3>\n<p>[\/vc_column_text]<div class=\"to-spacer \" style=\"height:20px\"><\/div>[vc_column_text]<\/p>\n<p style=\"text-align: justify;\">Miss Mediosa est une soci\u00e9t\u00e9 multiservices de gestion des r\u00e9seaux sociaux. Notre objectif est d&rsquo;aider votre entreprise \u00e0 atteindre ses objectifs en mati\u00e8re de r\u00e9seaux sociaux en mettant \u00e0 votre disposition nos services test\u00e9s et approuv\u00e9s. Que vous souhaitiez augmenter votre pr\u00e9sence en ligne, g\u00e9n\u00e9rer plus de trafic vers votre site Web ou augmenter la notori\u00e9t\u00e9 de votre marque, nous sommes l\u00e0 pour vous aider. D\u00e9veloppons ensemble une strat\u00e9gie de r\u00e9seaux sociaux adapt\u00e9e \u00e0 votre entreprise, votre industrie et votre marque.<\/p>\n<p>[\/vc_column_text][\/vc_column_inner][vc_column_inner width=\u00a0\u00bb1\/3&Prime;][vc_column_text]<img decoding=\"async\" class=\"aligncenter\" src=\"\/wp-content\/uploads\/2016\/11\/Cadrenglish.png\" alt=\"Logo Cadrenglish\" \/>[\/vc_column_text][vc_column_text]<\/p>\n<h3 class=\"to-member-box-name\" style=\"text-align: center; margin-bottom: 2px;\">CadrEnglish<\/h3>\n<p>[\/vc_column_text]<div class=\"to-spacer \" style=\"height:20px\"><\/div>[vc_column_text]<\/p>\n<p style=\"text-align: justify;\">CadrEnglish est un cabinet sp\u00e9cialis\u00e9 en formation de la strat\u00e9gie de communication interpersonnelle, en anglais. Fondateur, coach pour dirigeants et auteur, Joshua Smith est un entrepreneur am\u00e9ricain qui vit en France depuis 2004. En sa qualit\u00e9 de fondateur et consultant principal de CadrEnglish depuis 2010, Joshua a form\u00e9 plus de 2000 cadres et dirigeants, pour les plus grandes entreprises de Paris. Il est \u00e9galement intervenu dans des programmes de MBA pour TEDxIHEParis, SupdePub, Reims Management School, Neoma Business School ainsi que dans des incubateurs d&rsquo;entreprises tels que Numa.<\/p>\n<p>[\/vc_column_text][\/vc_column_inner][\/vc_row_inner][\/vc_column][\/vc_row]<\/p>\n","protected":false},"excerpt":{"rendered":"<p>[vc_row css=\u00a0\u00bb.vc_custom_1423952335447{padding-top: 70px !important;padding-bottom: 70px !important;}\u00a0\u00bb][vc_column][vc_column_text] Nul ne peut se passer des autres : notre \u00e9quipe d&rsquo;experts qualifi\u00e9s saura vous fournir les strat\u00e9gies sur mesure les plus adapt\u00e9es \u00e0 vos probl\u00e9matiques. Rencontrez nos partenaires : [\/vc_column_text][vc_row_inner equal_height=\u00a0\u00bbyes\u00a0\u00bb content_placement=\u00a0\u00bbmiddle\u00a0\u00bb txt_section_align=\u00a0\u00bbtxt-center\u00a0\u00bb][vc_column_inner width=\u00a0\u00bb1\/3&Prime; txt_column_align=\u00a0\u00bbtxt-center\u00a0\u00bb delay=\u00a0\u00bb0ms\u00a0\u00bb][vc_column_text][\/vc_column_text][vc_column_text] Instant Expert [\/vc_column_text][vc_column_text] B2Me Marketing &#8211; \u00ab Instant Expert \u00bb Formation approfondie pour les centres d&rsquo;appels et professionnels travaillant sur des produits touristiques. [\/vc_column_text][\/vc_column_inner][vc_column_inner width=\u00a0\u00bb1\/3&Prime;][vc_column_text][\/vc_column_text][vc_column_text] Fire Starter Brands [\/vc_column_text][vc_column_text] Fire Starter Brands &#8211;<\/p>\n","protected":false},"author":1,"featured_media":0,"parent":0,"menu_order":5,"comment_status":"open","ping_status":"closed","template":"","meta":[],"yoast_head":"<!-- This site is optimized with the Yoast SEO plugin v20.1 - https:\/\/yoast.com\/wordpress\/plugins\/seo\/ -->\n<title>Partenaires et Affili\u00e9s - Roseworks Marketing<\/title>\n<meta name=\"robots\" content=\"index, follow, max-snippet:-1, max-image-preview:large, max-video-preview:-1\" \/>\n<link rel=\"canonical\" href=\"http:\/\/www.roseworks-marketing.com\/fr\/partenaires-affilies\/\" \/>\n<meta name=\"twitter:label1\" content=\"Dur\u00e9e de lecture estim\u00e9e\" \/>\n\t<meta name=\"twitter:data1\" content=\"3 minutes\" \/>\n<script type=\"application\/ld+json\" class=\"yoast-schema-graph\">{\"@context\":\"https:\/\/schema.org\",\"@graph\":[{\"@type\":\"WebPage\",\"@id\":\"http:\/\/www.roseworks-marketing.com\/fr\/partenaires-affilies\/\",\"url\":\"http:\/\/www.roseworks-marketing.com\/fr\/partenaires-affilies\/\",\"name\":\"Partenaires et Affili\u00e9s - Roseworks Marketing\",\"isPartOf\":{\"@id\":\"http:\/\/www.roseworks-marketing.com\/#website\"},\"datePublished\":\"2017-02-13T10:53:46+00:00\",\"dateModified\":\"2017-02-13T10:58:36+00:00\",\"breadcrumb\":{\"@id\":\"http:\/\/www.roseworks-marketing.com\/fr\/partenaires-affilies\/#breadcrumb\"},\"inLanguage\":\"fr-FR\",\"potentialAction\":[{\"@type\":\"ReadAction\",\"target\":[\"http:\/\/www.roseworks-marketing.com\/fr\/partenaires-affilies\/\"]}]},{\"@type\":\"BreadcrumbList\",\"@id\":\"http:\/\/www.roseworks-marketing.com\/fr\/partenaires-affilies\/#breadcrumb\",\"itemListElement\":[{\"@type\":\"ListItem\",\"position\":1,\"name\":\"Home\",\"item\":\"http:\/\/www.roseworks-marketing.com\/fr\/\"},{\"@type\":\"ListItem\",\"position\":2,\"name\":\"Partenaires et Affili\u00e9s\"}]},{\"@type\":\"WebSite\",\"@id\":\"http:\/\/www.roseworks-marketing.com\/#website\",\"url\":\"http:\/\/www.roseworks-marketing.com\/\",\"name\":\"Roseworks Marketing\",\"description\":\"\",\"potentialAction\":[{\"@type\":\"SearchAction\",\"target\":{\"@type\":\"EntryPoint\",\"urlTemplate\":\"http:\/\/www.roseworks-marketing.com\/?s={search_term_string}\"},\"query-input\":\"required name=search_term_string\"}],\"inLanguage\":\"fr-FR\"}]}<\/script>\n<!-- \/ Yoast SEO plugin. -->","yoast_head_json":{"title":"Partenaires et Affili\u00e9s - Roseworks Marketing","robots":{"index":"index","follow":"follow","max-snippet":"max-snippet:-1","max-image-preview":"max-image-preview:large","max-video-preview":"max-video-preview:-1"},"canonical":"http:\/\/www.roseworks-marketing.com\/fr\/partenaires-affilies\/","twitter_misc":{"Dur\u00e9e de lecture estim\u00e9e":"3 minutes"},"schema":{"@context":"https:\/\/schema.org","@graph":[{"@type":"WebPage","@id":"http:\/\/www.roseworks-marketing.com\/fr\/partenaires-affilies\/","url":"http:\/\/www.roseworks-marketing.com\/fr\/partenaires-affilies\/","name":"Partenaires et Affili\u00e9s - Roseworks Marketing","isPartOf":{"@id":"http:\/\/www.roseworks-marketing.com\/#website"},"datePublished":"2017-02-13T10:53:46+00:00","dateModified":"2017-02-13T10:58:36+00:00","breadcrumb":{"@id":"http:\/\/www.roseworks-marketing.com\/fr\/partenaires-affilies\/#breadcrumb"},"inLanguage":"fr-FR","potentialAction":[{"@type":"ReadAction","target":["http:\/\/www.roseworks-marketing.com\/fr\/partenaires-affilies\/"]}]},{"@type":"BreadcrumbList","@id":"http:\/\/www.roseworks-marketing.com\/fr\/partenaires-affilies\/#breadcrumb","itemListElement":[{"@type":"ListItem","position":1,"name":"Home","item":"http:\/\/www.roseworks-marketing.com\/fr\/"},{"@type":"ListItem","position":2,"name":"Partenaires et Affili\u00e9s"}]},{"@type":"WebSite","@id":"http:\/\/www.roseworks-marketing.com\/#website","url":"http:\/\/www.roseworks-marketing.com\/","name":"Roseworks Marketing","description":"","potentialAction":[{"@type":"SearchAction","target":{"@type":"EntryPoint","urlTemplate":"http:\/\/www.roseworks-marketing.com\/?s={search_term_string}"},"query-input":"required name=search_term_string"}],"inLanguage":"fr-FR"}]}},"_links":{"self":[{"href":"http:\/\/www.roseworks-marketing.com\/fr\/wp-json\/wp\/v2\/pages\/3726"}],"collection":[{"href":"http:\/\/www.roseworks-marketing.com\/fr\/wp-json\/wp\/v2\/pages"}],"about":[{"href":"http:\/\/www.roseworks-marketing.com\/fr\/wp-json\/wp\/v2\/types\/page"}],"author":[{"embeddable":true,"href":"http:\/\/www.roseworks-marketing.com\/fr\/wp-json\/wp\/v2\/users\/1"}],"replies":[{"embeddable":true,"href":"http:\/\/www.roseworks-marketing.com\/fr\/wp-json\/wp\/v2\/comments?post=3726"}],"version-history":[{"count":3,"href":"http:\/\/www.roseworks-marketing.com\/fr\/wp-json\/wp\/v2\/pages\/3726\/revisions"}],"predecessor-version":[{"id":3730,"href":"http:\/\/www.roseworks-marketing.com\/fr\/wp-json\/wp\/v2\/pages\/3726\/revisions\/3730"}],"wp:attachment":[{"href":"http:\/\/www.roseworks-marketing.com\/fr\/wp-json\/wp\/v2\/media?parent=3726"}],"curies":[{"name":"wp","href":"https:\/\/api.w.org\/{rel}","templated":true}]}}