{"id":3728,"date":"2017-02-13T10:57:09","date_gmt":"2017-02-13T10:57:09","guid":{"rendered":"http:\/\/www.roseworks-marketing.com\/?page_id=3728\/"},"modified":"2017-02-13T10:57:09","modified_gmt":"2017-02-13T10:57:09","slug":"ce-que-nous-faisons","status":"publish","type":"page","link":"http:\/\/www.roseworks-marketing.com\/fr\/ce-que-nous-faisons\/","title":{"rendered":"Ce Que Nous Faisons"},"content":{"rendered":"<p>[vc_row css=\u00a0\u00bb.vc_custom_1423952335447{padding-top: 70px !important;padding-bottom: 70px !important;}\u00a0\u00bb][vc_column]<h2 class=\"txt-center\" >Profil de la soci\u00e9t\u00e9<\/h2><div class=\"to-spacer \" style=\"height:30px\"><\/div>[vc_column_text]<\/p>\n<p style=\"text-align: justify;\">Avec plus de 75 ans d&rsquo;exp\u00e9rience combin\u00e9e dans la vente, le marketing et la communication dans le secteur du tourisme international, Roseworks Marketing est une soci\u00e9t\u00e9 de conseil sp\u00e9cialis\u00e9e dans l&rsquo;analyse concurrentielle des march\u00e9s, la n\u00e9gociation de contrats, le lancement de nouveaux produits et le positionnement sur les march\u00e9s internationaux.<\/p>\n<p style=\"text-align: justify;\">Roseworks a fait ses preuves en mati\u00e8re de d\u00e9veloppement commercial, de planification de projets et de promotions, de mise en place de partenariats, de d\u00e9veloppement de votre strat\u00e9gie de marque, dans la vente B2B et B2C. Gr\u00e2ce \u00e0 nos conseils, nos formations, nous vous aidons \u00e0 d\u00e9velopper votre meilleure \u00e9quipe afin que votre entreprise puisse \u00eatre comp\u00e9titive sur tous les march\u00e9s mondiaux.<\/p>\n<p style=\"text-align: justify;\">Au cours des 14 derni\u00e8res ann\u00e9es, nous avons travaill\u00e9 avec une client\u00e8le tr\u00e8s diversifi\u00e9e. Notre portefeuille de clients comprend des espaces culturels, comme le Getty Museum et le Whitney Museum of American Art, mais \u00e9galement des agences de voyages (Kuoni Travel Group), des centres commerciaux, des restaurants et des spectacles \u00e0 Broadway. Notre objectif est de fournir les meilleures strat\u00e9gies permettant la mise en place d\u2019une approche int\u00e9gr\u00e9e du marketing et de la communication dans le secteur touristique, afin d&rsquo;am\u00e9liorer l&rsquo;activit\u00e9 commerciale de nos clients.<\/p>\n<p style=\"text-align: justify;\">Nous sommes bas\u00e9s \u00e0 Paris, en Belgique et aux Etats-Unis. Roseworks Marketing parle plus d&rsquo;une demi-douzaine de langues, couvrant le march\u00e9 international pour tous les types d&rsquo;entreprises. Nous avons travaill\u00e9 avec des start-ups, des entreprises en relance, des soci\u00e9t\u00e9s en phase de lancement ou d\u00e9j\u00e0 bien install\u00e9es, en gardant \u00e0 l&rsquo;esprit un seul objectif: \u00catre le partenaire de votre r\u00e9ussite.<\/p>\n<p>[\/vc_column_text][\/vc_column][\/vc_row]<\/p>\n","protected":false},"excerpt":{"rendered":"<p>[vc_row css=\u00a0\u00bb.vc_custom_1423952335447{padding-top: 70px !important;padding-bottom: 70px !important;}\u00a0\u00bb][vc_column][vc_column_text] Avec plus de 75 ans d&rsquo;exp\u00e9rience combin\u00e9e dans la vente, le marketing et la communication dans le secteur du tourisme international, Roseworks Marketing est une soci\u00e9t\u00e9 de conseil sp\u00e9cialis\u00e9e dans l&rsquo;analyse concurrentielle des march\u00e9s, la n\u00e9gociation de contrats, le lancement de nouveaux produits et le positionnement sur les march\u00e9s internationaux. Roseworks a fait ses preuves en mati\u00e8re de d\u00e9veloppement commercial, de planification de projets et de promotions, de mise<\/p>\n","protected":false},"author":1,"featured_media":0,"parent":0,"menu_order":1,"comment_status":"open","ping_status":"closed","template":"","meta":[],"yoast_head":"<!-- This site is optimized with the Yoast SEO plugin v20.1 - https:\/\/yoast.com\/wordpress\/plugins\/seo\/ -->\n<title>Ce Que Nous Faisons - Roseworks Marketing<\/title>\n<meta name=\"robots\" content=\"index, follow, max-snippet:-1, max-image-preview:large, max-video-preview:-1\" \/>\n<link rel=\"canonical\" href=\"http:\/\/www.roseworks-marketing.com\/fr\/ce-que-nous-faisons\/\" \/>\n<meta name=\"twitter:label1\" content=\"Dur\u00e9e de lecture estim\u00e9e\" \/>\n\t<meta name=\"twitter:data1\" content=\"2 minutes\" \/>\n<script type=\"application\/ld+json\" class=\"yoast-schema-graph\">{\"@context\":\"https:\/\/schema.org\",\"@graph\":[{\"@type\":\"WebPage\",\"@id\":\"http:\/\/www.roseworks-marketing.com\/fr\/ce-que-nous-faisons\/\",\"url\":\"http:\/\/www.roseworks-marketing.com\/fr\/ce-que-nous-faisons\/\",\"name\":\"Ce Que Nous Faisons - Roseworks Marketing\",\"isPartOf\":{\"@id\":\"http:\/\/www.roseworks-marketing.com\/#website\"},\"datePublished\":\"2017-02-13T10:57:09+00:00\",\"dateModified\":\"2017-02-13T10:57:09+00:00\",\"breadcrumb\":{\"@id\":\"http:\/\/www.roseworks-marketing.com\/fr\/ce-que-nous-faisons\/#breadcrumb\"},\"inLanguage\":\"fr-FR\",\"potentialAction\":[{\"@type\":\"ReadAction\",\"target\":[\"http:\/\/www.roseworks-marketing.com\/fr\/ce-que-nous-faisons\/\"]}]},{\"@type\":\"BreadcrumbList\",\"@id\":\"http:\/\/www.roseworks-marketing.com\/fr\/ce-que-nous-faisons\/#breadcrumb\",\"itemListElement\":[{\"@type\":\"ListItem\",\"position\":1,\"name\":\"Home\",\"item\":\"http:\/\/www.roseworks-marketing.com\/fr\/\"},{\"@type\":\"ListItem\",\"position\":2,\"name\":\"Ce Que Nous Faisons\"}]},{\"@type\":\"WebSite\",\"@id\":\"http:\/\/www.roseworks-marketing.com\/#website\",\"url\":\"http:\/\/www.roseworks-marketing.com\/\",\"name\":\"Roseworks Marketing\",\"description\":\"\",\"potentialAction\":[{\"@type\":\"SearchAction\",\"target\":{\"@type\":\"EntryPoint\",\"urlTemplate\":\"http:\/\/www.roseworks-marketing.com\/?s={search_term_string}\"},\"query-input\":\"required name=search_term_string\"}],\"inLanguage\":\"fr-FR\"}]}<\/script>\n<!-- \/ Yoast SEO plugin. -->","yoast_head_json":{"title":"Ce Que Nous Faisons - Roseworks Marketing","robots":{"index":"index","follow":"follow","max-snippet":"max-snippet:-1","max-image-preview":"max-image-preview:large","max-video-preview":"max-video-preview:-1"},"canonical":"http:\/\/www.roseworks-marketing.com\/fr\/ce-que-nous-faisons\/","twitter_misc":{"Dur\u00e9e de lecture estim\u00e9e":"2 minutes"},"schema":{"@context":"https:\/\/schema.org","@graph":[{"@type":"WebPage","@id":"http:\/\/www.roseworks-marketing.com\/fr\/ce-que-nous-faisons\/","url":"http:\/\/www.roseworks-marketing.com\/fr\/ce-que-nous-faisons\/","name":"Ce Que Nous Faisons - Roseworks Marketing","isPartOf":{"@id":"http:\/\/www.roseworks-marketing.com\/#website"},"datePublished":"2017-02-13T10:57:09+00:00","dateModified":"2017-02-13T10:57:09+00:00","breadcrumb":{"@id":"http:\/\/www.roseworks-marketing.com\/fr\/ce-que-nous-faisons\/#breadcrumb"},"inLanguage":"fr-FR","potentialAction":[{"@type":"ReadAction","target":["http:\/\/www.roseworks-marketing.com\/fr\/ce-que-nous-faisons\/"]}]},{"@type":"BreadcrumbList","@id":"http:\/\/www.roseworks-marketing.com\/fr\/ce-que-nous-faisons\/#breadcrumb","itemListElement":[{"@type":"ListItem","position":1,"name":"Home","item":"http:\/\/www.roseworks-marketing.com\/fr\/"},{"@type":"ListItem","position":2,"name":"Ce Que Nous Faisons"}]},{"@type":"WebSite","@id":"http:\/\/www.roseworks-marketing.com\/#website","url":"http:\/\/www.roseworks-marketing.com\/","name":"Roseworks Marketing","description":"","potentialAction":[{"@type":"SearchAction","target":{"@type":"EntryPoint","urlTemplate":"http:\/\/www.roseworks-marketing.com\/?s={search_term_string}"},"query-input":"required name=search_term_string"}],"inLanguage":"fr-FR"}]}},"_links":{"self":[{"href":"http:\/\/www.roseworks-marketing.com\/fr\/wp-json\/wp\/v2\/pages\/3728"}],"collection":[{"href":"http:\/\/www.roseworks-marketing.com\/fr\/wp-json\/wp\/v2\/pages"}],"about":[{"href":"http:\/\/www.roseworks-marketing.com\/fr\/wp-json\/wp\/v2\/types\/page"}],"author":[{"embeddable":true,"href":"http:\/\/www.roseworks-marketing.com\/fr\/wp-json\/wp\/v2\/users\/1"}],"replies":[{"embeddable":true,"href":"http:\/\/www.roseworks-marketing.com\/fr\/wp-json\/wp\/v2\/comments?post=3728"}],"version-history":[{"count":1,"href":"http:\/\/www.roseworks-marketing.com\/fr\/wp-json\/wp\/v2\/pages\/3728\/revisions"}],"predecessor-version":[{"id":3729,"href":"http:\/\/www.roseworks-marketing.com\/fr\/wp-json\/wp\/v2\/pages\/3728\/revisions\/3729"}],"wp:attachment":[{"href":"http:\/\/www.roseworks-marketing.com\/fr\/wp-json\/wp\/v2\/media?parent=3728"}],"curies":[{"name":"wp","href":"https:\/\/api.w.org\/{rel}","templated":true}]}}