{"id":3738,"date":"2017-02-13T11:16:22","date_gmt":"2017-02-13T11:16:22","guid":{"rendered":"http:\/\/www.roseworks-marketing.com\/?page_id=3738\/"},"modified":"2023-02-10T09:22:39","modified_gmt":"2023-02-10T09:22:39","slug":"accueil","status":"publish","type":"page","link":"http:\/\/www.roseworks-marketing.com\/fr\/","title":{"rendered":"Accueil"},"content":{"rendered":"<p>[vc_row css=\u00a0\u00bb.vc_custom_1423767334415{padding-top: 80px !important;padding-bottom: 0px !important;}\u00a0\u00bb][vc_column][vc_row_inner][vc_column_inner width=\u00a0\u00bb1\/3&Prime; css=\u00a0\u00bb.vc_custom_1423768520706{padding-right: 16px !important;padding-bottom: 45px !important;padding-left: 0px !important;}\u00a0\u00bb]<h2 class=\"txt-left\" >Nos Services<br \/>\n<span style=\"font-size: 28px;\"><strong><span class=\"to-type-writer\" data-text=\"Marketing et ventes;Repr\u00e9sentation et mandat;Relations publiques;Le Bridge;Roseworks Events\" data-pause=\"2000\" style=\"color:#022733\"><\/span><span class=\"to-type-writer-cursor\" style=\"color:#022733\"><\/span><\/strong><\/span><\/h2>[vc_column_text]<b style=\"color: #ff7f88;\">Roseworks Marketing<\/b> est une agence sp\u00e9cialis\u00e9e dans le d\u00e9veloppement du tourisme sur les march\u00e9s nationaux et internationaux.<br \/>\n<a href=\"\/fr\/ce-que-nous-faisons\/\"><b style=\"color: #ff7f88;\">En savoir encore plus&#8230;<\/b><\/a>[\/vc_column_text][\/vc_column_inner][vc_column_inner width=\u00a0\u00bb1\/3&Prime; css=\u00a0\u00bb.vc_custom_1423768526519{padding-right: 16px !important;padding-bottom: 45px !important;padding-left: 0px !important;}\u00a0\u00bb]<i class=\"to-icon general-electronic-megaphone fa-4x   \"  style=\"color:#022733;\"  data-color=\"#022733\"><i class=\"to-icon-overlay\"  ><\/i><\/i><h3>Ventes et Marketing<\/h3><p>Strat\u00e9gies, Communications int\u00e9gr\u00e9es, Formation, D\u00e9veloppement et lancement de produits, strat\u00e9gie de marques, Recherche de march\u00e9, r\u00e9seaux sociaux et marketing digital Social Media et Digital Marketing.<\/p>[\/vc_column_inner][vc_column_inner width=\u00a0\u00bb1\/3&Prime; css=\u00a0\u00bb.vc_custom_1423768532204{padding-right: 16px !important;padding-bottom: 45px !important;padding-left: 0px !important;}\u00a0\u00bb]<i class=\"to-icon icon-et-trophy fa-4x   \"  style=\"color:#022733;\"  data-color=\"#022733\"><i class=\"to-icon-overlay\"  ><\/i><\/i><h3>Repr\u00e9sentation\/Mandat<\/h3><p>Salons professionnels et actions commerciales dans plus d&rsquo;une douzaine de langues.<\/p>[\/vc_column_inner][\/vc_row_inner][vc_row_inner css=\u00a0\u00bb.vc_custom_1475826413615{padding-bottom: 45px !important;}\u00a0\u00bb][vc_column_inner width=\u00a0\u00bb1\/3&Prime; css=\u00a0\u00bb.vc_custom_1423768539389{padding-right: 16px !important;padding-bottom: 35px !important;padding-left: 0px !important;}\u00a0\u00bb]<i class=\"to-icon general-chats fa-4x   \"  style=\"color:#022733;\"  data-color=\"#022733\"><i class=\"to-icon-overlay\"  ><\/i><\/i><h3>Relations publiques<\/h3><p>Communiqu\u00e9s,<br \/>\nConf\u00e9rences de presse,<br \/>\nVoyages de presse.<\/p>[\/vc_column_inner][vc_column_inner width=\u00a0\u00bb1\/3&Prime; css=\u00a0\u00bb.vc_custom_1423768552259{padding-right: 16px !important;padding-bottom: 35px !important;padding-left: 0px !important;}\u00a0\u00bb]<i class=\"to-icon icon-et-globe fa-4x   \"  style=\"color:#022733;\"  data-color=\"#022733\"><i class=\"to-icon-overlay\"  ><\/i><\/i><h3>Le Bridge<\/h3><p>Nous simplifions l&rsquo;introduction des produits am\u00e9ricains sur le march\u00e9 du tourisme europ\u00e9en en mettant en place des opportunit\u00e9s de marketing coop\u00e9ratif.<\/p>[\/vc_column_inner][vc_column_inner width=\u00a0\u00bb1\/3&Prime; css=\u00a0\u00bb.vc_custom_1423768546466{padding-right: 16px !important;padding-bottom: 35px !important;padding-left: 0px !important;}\u00a0\u00bb]<i class=\"to-icon icon-et-wine fa-4x   \"  style=\"color:#022733;\"  data-color=\"#022733\"><i class=\"to-icon-overlay\"  ><\/i><\/i><h3>Roseworks Events<\/h3><p>Roseworks Events con\u00e7oit des \u00e9v\u00e9nements et des services de qualit\u00e9 dans le domaine du tourisme. H\u00f4tels, selection de lieux \u00e0 voir, divertissement et restauration.<\/p>[\/vc_column_inner][\/vc_row_inner][vc_row_inner content_placement=\u00a0\u00bbmiddle\u00a0\u00bb txt_section_align=\u00a0\u00bbtxt-center\u00a0\u00bb][vc_column_inner txt_column_align=\u00a0\u00bbtxt-center\u00a0\u00bb delay=\u00a0\u00bb0ms\u00a0\u00bb]<a target=\"_self\" class=\"to-button regular standard full-rounded to-button-border  to-button-anim \" data-bgcolor=\"#022733\" data-color=\"#022733\" style=\"color:#022733;background:;border-color:#022733\" href=\"\/fr\/contact\/\"><span style=\"color:#022733;\">DEMANDER UN DEVIS<\/span><\/a>[\/vc_column_inner][\/vc_row_inner]<div class=\"to-spacer \" style=\"height:60px\"><\/div>[vc_column_text]<span id=\"whoweare\">\u00a0<\/span>[\/vc_column_text][\/vc_column][\/vc_row][vc_row content_placement=\u00a0\u00bbmiddle\u00a0\u00bb txt_section_color=\u00a0\u00bbdark\u00a0\u00bb txt_section_align=\u00a0\u00bbtxt-center\u00a0\u00bb css=\u00a0\u00bb.vc_custom_1477295887227{padding-top: 70px !important;padding-bottom: 25px !important;background-color: #f5f6fa !important;}\u00a0\u00bb][vc_column txt_column_align=\u00a0\u00bbtxt-center\u00a0\u00bb delay=\u00a0\u00bb0ms\u00a0\u00bb]<h2 class=\"txt-center\" >Qui <strong>sommes<\/strong> nous ?<\/h2><span class=\"subtitle txt-center h2\" >Avec plus de 75 ans d'exp\u00e9rience combin\u00e9e en ventes, marketing et communication dans l'industrie du tourisme international, Roseworks Marketing est une soci\u00e9t\u00e9 de conseil sp\u00e9cialis\u00e9e dans le d\u00e9veloppement des voyages touristiques. Nous agissons pour le compte de votre entreprise, sur tous les march\u00e9s internationaux.<\/span>[vc_row_inner content_placement=\u00a0\u00bbmiddle\u00a0\u00bb txt_section_align=\u00a0\u00bbtxt-center\u00a0\u00bb][vc_column_inner width=\u00a0\u00bb1\/3&Prime; txt_column_align=\u00a0\u00bbtxt-center\u00a0\u00bb delay=\u00a0\u00bb0ms\u00a0\u00bb css=\u00a0\u00bb.vc_custom_1478514367082{padding-right: 16px !important;padding-left: 0px !important;}\u00a0\u00bb][vc_column_text css_animation=\u00a0\u00bbappear\u00a0\u00bb]<a href=\"\/fr\/veronique-hennebelle\/\"><img decoding=\"async\" class=\"aligncenter\" style=\"border-radius: 50%;\" src=\"\/wp-content\/uploads\/2016\/11\/Veronique.jpg\" alt=\"Photo Veronique Hennebelle\" \/><\/a>[\/vc_column_text][vc_column_text]<\/p>\n<h3 class=\"to-member-box-name\" style=\"text-align: center; margin-bottom: 2px;\"><a href=\"\/fr\/veronique-hennebelle\/\">Veronique Hennebelle<\/a><\/h3>\n<p class=\"to-member-box-position\" style=\"text-align: center; font-size: 16px;\">Associ\u00e9<\/p>\n<p class=\"to-member-box-position\" style=\"text-align: center; color: #ff7f88 !important;\"><strong>Veronique@Roseworks-Marketing.com<\/strong><\/p>\n<p>[\/vc_column_text][\/vc_column_inner][vc_column_inner width=\u00a0\u00bb1\/3&Prime; txt_column_align=\u00a0\u00bbtxt-center\u00a0\u00bb delay=\u00a0\u00bb0ms\u00a0\u00bb css=\u00a0\u00bb.vc_custom_1478514241280{padding-right: 16px !important;padding-left: 0px !important;}\u00a0\u00bb][vc_column_text css_animation=\u00a0\u00bbappear\u00a0\u00bb]<a href=\"\/fr\/rosemarie-reyes\/\"><img decoding=\"async\" class=\"aligncenter\" style=\"border-radius: 50%;\" src=\"\/wp-content\/uploads\/2016\/11\/Rose-Reyes.jpg\" alt=\"Photo Rosemarie Reyes\" \/><\/a>[\/vc_column_text][vc_column_text]<\/p>\n<h3 class=\"to-member-box-name\" style=\"text-align: center; margin-bottom: 2px;\"><a href=\"\/fr\/rosemarie-reyes\/\">Rosemarie Reyes<\/a><\/h3>\n<p class=\"to-member-box-position\" style=\"text-align: center; font-size: 16px;\">Associ\u00e9<\/p>\n<p class=\"to-member-box-position\" style=\"text-align: center; color: #ff7f88 !important;\"><strong>Rose@Roseworks-Marketing.com<\/strong><\/p>\n<p>[\/vc_column_text][\/vc_column_inner][vc_column_inner width=\u00a0\u00bb1\/3&Prime; txt_column_align=\u00a0\u00bbtxt-center\u00a0\u00bb delay=\u00a0\u00bb0ms\u00a0\u00bb css=\u00a0\u00bb.vc_custom_1478514344380{padding-right: 16px !important;padding-left: 0px !important;}\u00a0\u00bb][vc_column_text css_animation=\u00a0\u00bbappear\u00a0\u00bb]<a href=\"\/fr\/shoshana-puccia\/\"><img decoding=\"async\" class=\"aligncenter\" style=\"border-radius: 50%;\" src=\"\/wp-content\/uploads\/2016\/11\/Shoshana.jpg\" alt=\"Photo Shoshana Puccia\" \/><\/a>[\/vc_column_text][vc_column_text]<\/p>\n<h3 class=\"to-member-box-name\" style=\"text-align: center; margin-bottom: 2px;\"><a href=\"\/fr\/shoshana-puccia\/\">Shoshana Puccia<\/a><\/h3>\n<p class=\"to-member-box-position\" style=\"text-align: center; font-size: 16px;\">Associ\u00e9<\/p>\n<p class=\"to-member-box-position\" style=\"text-align: center; color: #ff7f88 !important;\"><strong>Shoshana@Roseworks-Marketing.com<\/strong><\/p>\n<p>[\/vc_column_text][\/vc_column_inner][\/vc_row_inner]<div class=\"to-spacer \" style=\"height:50px\"><\/div>[\/vc_column][\/vc_row][vc_row txt_section_align=\u00a0\u00bbtxt-center\u00a0\u00bb css=\u00a0\u00bb.vc_custom_1423766827768{padding-top: 80px !important;padding-bottom: 70px !important;}\u00a0\u00bb][vc_column txt_column_align=\u00a0\u00bbtxt-center\u00a0\u00bb]<h2 class=\"txt-center\" >Le <strong>Bridge<\/strong><\/h2><span class=\"subtitle txt-center h2\" >Nous simplifions l'introduction des produits am\u00e9ricains sur le march\u00e9 du tourisme europ\u00e9en en mettant en place des opportunit\u00e9s de marketing coop\u00e9ratif.<\/span><a target=\"_blank\" class=\"to-button regular standard full-rounded to-button-border  to-button-anim .no-ajaxy\" data-bgcolor=\"#022733\" data-color=\"#022733\" style=\"color:#022733;background:;border-color:#022733\" href=\"https:\/\/lebridge.net\/\"><span style=\"color:#022733;\">REJOINDRE LE BRIDGE<\/span><\/a>[\/vc_column][\/vc_row][vc_row css=\u00a0\u00bb.vc_custom_1423767043080{padding-top: 70px !important;padding-bottom: 70px !important;background-color: #f5f6fa !important;}\u00a0\u00bb][vc_column]<h2 class=\"txt-center\" >Roseworks <strong>Events<\/strong><\/h2><span class=\"subtitle txt-center h2\" >Roseworks Events con\u00e7oit des \u00e9v\u00e9nements et des services de qualit\u00e9 dans le domaine du tourisme.<\/span>[vc_row_inner content_placement=\u00a0\u00bbmiddle\u00a0\u00bb txt_section_align=\u00a0\u00bbtxt-center\u00a0\u00bb][vc_column_inner width=\u00a0\u00bb1\/2&Prime; txt_column_align=\u00a0\u00bbtxt-center\u00a0\u00bb delay=\u00a0\u00bb0ms\u00a0\u00bb]<a target=\"_self\" class=\"to-button regular standard full-rounded to-button-border  to-button-anim \" data-bgcolor=\"#ff7f88\" data-color=\"#ff7f88\" style=\"color:#ff7f88;background:;border-color:#ff7f88\" href=\"\/fr\/roseworks-events\/\"><span style=\"color:#ff7f88;\">NOS CHEFS DE PROJET<\/span><\/a>[\/vc_column_inner][vc_column_inner width=\u00a0\u00bb1\/2&Prime; txt_column_align=\u00a0\u00bbtxt-center\u00a0\u00bb delay=\u00a0\u00bb0ms\u00a0\u00bb]<a target=\"_self\" class=\"to-button regular standard full-rounded to-button-border  to-button-anim \" data-bgcolor=\"#022733\" data-color=\"#022733\" style=\"color:#022733;background:;border-color:#022733\" href=\"\/fr\/contact\/\"><span style=\"color:#022733;\">DEMANDER UN DEVIS<\/span><\/a>[\/vc_column_inner][\/vc_row_inner][\/vc_column][\/vc_row][vc_row content_placement=\u00a0\u00bbmiddle\u00a0\u00bb txt_section_color=\u00a0\u00bbdark\u00a0\u00bb txt_section_align=\u00a0\u00bbtxt-center\u00a0\u00bb][vc_column txt_column_align=\u00a0\u00bbtxt-center\u00a0\u00bb delay=\u00a0\u00bb0ms\u00a0\u00bb css=\u00a0\u00bb.vc_custom_1478079032379{padding-top: 4% !important;padding-right: 4% !important;padding-bottom: 4% !important;padding-left: 4% !important;}\u00a0\u00bb]<h2 class=\"txt-center\" >Partenaires <strong>et<\/strong> affili\u00e9s<\/h2><span class=\"subtitle txt-center h2\" >Nul ne peut se passer des autres : notre \u00e9quipe d'experts qualifi\u00e9s saura vous fournir les strat\u00e9gies sur mesure les plus adapt\u00e9es \u00e0 vos probl\u00e9matiques. Rencontrez nos partenaires :<\/span>[vc_row_inner][vc_column_inner width=\u00a0\u00bb1\/6&Prime;][vc_column_text]<a href=\"\/affiliate-partners\/\" target=\"_blank\" rel=\"noopener\"><img decoding=\"async\" loading=\"lazy\" class=\"size-medium wp-image-3609 aligncenter\" src=\"http:\/\/www.roseworks-marketing.com\/wp-content\/uploads\/2016\/11\/Fire-Starter-Brands-300x188.png\" alt=\"\" width=\"300\" height=\"188\" srcset=\"http:\/\/www.roseworks-marketing.com\/wp-content\/uploads\/2016\/11\/Fire-Starter-Brands-300x188.png 300w, http:\/\/www.roseworks-marketing.com\/wp-content\/uploads\/2016\/11\/Fire-Starter-Brands-768x480.png 768w, http:\/\/www.roseworks-marketing.com\/wp-content\/uploads\/2016\/11\/Fire-Starter-Brands-500x313.png 500w, http:\/\/www.roseworks-marketing.com\/wp-content\/uploads\/2016\/11\/Fire-Starter-Brands.png 800w\" sizes=\"(max-width: 300px) 100vw, 300px\" \/><\/a>[\/vc_column_text][\/vc_column_inner][vc_column_inner width=\u00a0\u00bb1\/6&Prime;][vc_column_text]<a href=\"\/affiliate-partners\/\" target=\"_blank\" rel=\"noopener\"><img decoding=\"async\" loading=\"lazy\" class=\"alignnone wp-image-3604 size-medium aligncenter\" src=\"http:\/\/www.roseworks-marketing.com\/wp-content\/uploads\/2016\/11\/Instant-Expert-300x188.png\" alt=\"\" width=\"300\" height=\"188\" srcset=\"http:\/\/www.roseworks-marketing.com\/wp-content\/uploads\/2016\/11\/Instant-Expert-300x188.png 300w, http:\/\/www.roseworks-marketing.com\/wp-content\/uploads\/2016\/11\/Instant-Expert-768x480.png 768w, http:\/\/www.roseworks-marketing.com\/wp-content\/uploads\/2016\/11\/Instant-Expert-500x313.png 500w, http:\/\/www.roseworks-marketing.com\/wp-content\/uploads\/2016\/11\/Instant-Expert.png 800w\" sizes=\"(max-width: 300px) 100vw, 300px\" \/><\/a>[\/vc_column_text][\/vc_column_inner][vc_column_inner width=\u00a0\u00bb1\/6&Prime;][vc_column_text]<a href=\"\/affiliate-partners\/\" target=\"_blank\" rel=\"noopener\"><img decoding=\"async\" loading=\"lazy\" class=\"wp-image-3606 size-medium aligncenter\" src=\"http:\/\/www.roseworks-marketing.com\/wp-content\/uploads\/2016\/11\/Blackford-and-Associates-300x188.png\" alt=\"\" width=\"300\" height=\"188\" srcset=\"http:\/\/www.roseworks-marketing.com\/wp-content\/uploads\/2016\/11\/Blackford-and-Associates-300x188.png 300w, http:\/\/www.roseworks-marketing.com\/wp-content\/uploads\/2016\/11\/Blackford-and-Associates-768x480.png 768w, http:\/\/www.roseworks-marketing.com\/wp-content\/uploads\/2016\/11\/Blackford-and-Associates-500x313.png 500w, http:\/\/www.roseworks-marketing.com\/wp-content\/uploads\/2016\/11\/Blackford-and-Associates.png 800w\" sizes=\"(max-width: 300px) 100vw, 300px\" \/><\/a>[\/vc_column_text][\/vc_column_inner][vc_column_inner width=\u00a0\u00bb1\/6&Prime;][vc_column_text]<a href=\"\/affiliate-partners\/\" target=\"_blank\" rel=\"noopener\"><img decoding=\"async\" loading=\"lazy\" class=\"wp-image-3706 size-medium aligncenter\" src=\"http:\/\/www.roseworks-marketing.com\/wp-content\/uploads\/2017\/02\/Logo-CGraphika-300x188.png\" alt=\"Logo CGraphika\" width=\"300\" height=\"188\" srcset=\"http:\/\/www.roseworks-marketing.com\/wp-content\/uploads\/2017\/02\/Logo-CGraphika-300x188.png 300w, http:\/\/www.roseworks-marketing.com\/wp-content\/uploads\/2017\/02\/Logo-CGraphika-768x480.png 768w, http:\/\/www.roseworks-marketing.com\/wp-content\/uploads\/2017\/02\/Logo-CGraphika-500x313.png 500w, http:\/\/www.roseworks-marketing.com\/wp-content\/uploads\/2017\/02\/Logo-CGraphika.png 800w\" sizes=\"(max-width: 300px) 100vw, 300px\" \/><\/a>[\/vc_column_text][\/vc_column_inner][vc_column_inner width=\u00a0\u00bb1\/6&Prime;][vc_column_text]<a href=\"\/affiliate-partners\/\" target=\"_blank\" rel=\"noopener\"><img decoding=\"async\" loading=\"lazy\" class=\"wp-image-3605 size-medium aligncenter\" src=\"http:\/\/www.roseworks-marketing.com\/wp-content\/uploads\/2016\/11\/Miss-Mediosa-300x188.png\" alt=\"\" width=\"300\" height=\"188\" srcset=\"http:\/\/www.roseworks-marketing.com\/wp-content\/uploads\/2016\/11\/Miss-Mediosa-300x188.png 300w, http:\/\/www.roseworks-marketing.com\/wp-content\/uploads\/2016\/11\/Miss-Mediosa-768x480.png 768w, http:\/\/www.roseworks-marketing.com\/wp-content\/uploads\/2016\/11\/Miss-Mediosa-500x313.png 500w, http:\/\/www.roseworks-marketing.com\/wp-content\/uploads\/2016\/11\/Miss-Mediosa.png 800w\" sizes=\"(max-width: 300px) 100vw, 300px\" \/><\/a>[\/vc_column_text][\/vc_column_inner][vc_column_inner width=\u00a0\u00bb1\/6&Prime;][vc_column_text]<a href=\"\/affiliate-partners\/\" target=\"_blank\" rel=\"noopener\"><img decoding=\"async\" loading=\"lazy\" class=\"wp-image-3607 size-medium aligncenter\" src=\"http:\/\/www.roseworks-marketing.com\/wp-content\/uploads\/2016\/11\/Cadrenglish-300x188.png\" alt=\"\" width=\"300\" height=\"188\" srcset=\"http:\/\/www.roseworks-marketing.com\/wp-content\/uploads\/2016\/11\/Cadrenglish-300x188.png 300w, http:\/\/www.roseworks-marketing.com\/wp-content\/uploads\/2016\/11\/Cadrenglish-768x480.png 768w, http:\/\/www.roseworks-marketing.com\/wp-content\/uploads\/2016\/11\/Cadrenglish-500x313.png 500w, http:\/\/www.roseworks-marketing.com\/wp-content\/uploads\/2016\/11\/Cadrenglish.png 800w\" sizes=\"(max-width: 300px) 100vw, 300px\" \/><\/a>[\/vc_column_text][\/vc_column_inner][\/vc_row_inner][\/vc_column][\/vc_row]<\/p>\n","protected":false},"excerpt":{"rendered":"<p>[vc_row css=\u00a0\u00bb.vc_custom_1423767334415{padding-top: 80px !important;padding-bottom: 0px !important;}\u00a0\u00bb][vc_column][vc_row_inner][vc_column_inner width=\u00a0\u00bb1\/3&Prime; css=\u00a0\u00bb.vc_custom_1423768520706{padding-right: 16px !important;padding-bottom: 45px !important;padding-left: 0px !important;}\u00a0\u00bb][vc_column_text]Roseworks Marketing est une agence sp\u00e9cialis\u00e9e dans le d\u00e9veloppement du tourisme sur les march\u00e9s nationaux et internationaux. En savoir encore plus&#8230;[\/vc_column_text][\/vc_column_inner][vc_column_inner width=\u00a0\u00bb1\/3&Prime; css=\u00a0\u00bb.vc_custom_1423768526519{padding-right: 16px !important;padding-bottom: 45px !important;padding-left: 0px !important;}\u00a0\u00bb][\/vc_column_inner][vc_column_inner width=\u00a0\u00bb1\/3&Prime; css=\u00a0\u00bb.vc_custom_1423768532204{padding-right: 16px !important;padding-bottom: 45px !important;padding-left: 0px !important;}\u00a0\u00bb][\/vc_column_inner][\/vc_row_inner][vc_row_inner css=\u00a0\u00bb.vc_custom_1475826413615{padding-bottom: 45px !important;}\u00a0\u00bb][vc_column_inner width=\u00a0\u00bb1\/3&Prime; css=\u00a0\u00bb.vc_custom_1423768539389{padding-right: 16px !important;padding-bottom: 35px !important;padding-left: 0px !important;}\u00a0\u00bb][\/vc_column_inner][vc_column_inner width=\u00a0\u00bb1\/3&Prime; css=\u00a0\u00bb.vc_custom_1423768552259{padding-right: 16px !important;padding-bottom: 35px !important;padding-left: 0px !important;}\u00a0\u00bb][\/vc_column_inner][vc_column_inner width=\u00a0\u00bb1\/3&Prime; css=\u00a0\u00bb.vc_custom_1423768546466{padding-right: 16px !important;padding-bottom: 35px !important;padding-left:<\/p>\n","protected":false},"author":1,"featured_media":0,"parent":0,"menu_order":0,"comment_status":"open","ping_status":"closed","template":"","meta":[],"yoast_head":"<!-- This site is optimized with the Yoast SEO plugin v20.1 - https:\/\/yoast.com\/wordpress\/plugins\/seo\/ -->\n<title>Accueil - Roseworks Marketing<\/title>\n<meta name=\"robots\" content=\"index, follow, max-snippet:-1, max-image-preview:large, max-video-preview:-1\" \/>\n<link rel=\"canonical\" href=\"http:\/\/www.roseworks-marketing.com\/fr\/\" \/>\n<meta name=\"twitter:label1\" content=\"Dur\u00e9e de lecture estim\u00e9e\" \/>\n\t<meta name=\"twitter:data1\" content=\"4 minutes\" \/>\n<script type=\"application\/ld+json\" class=\"yoast-schema-graph\">{\"@context\":\"https:\/\/schema.org\",\"@graph\":[{\"@type\":\"WebPage\",\"@id\":\"http:\/\/www.roseworks-marketing.com\/fr\/\",\"url\":\"http:\/\/www.roseworks-marketing.com\/fr\/\",\"name\":\"Accueil - Roseworks Marketing\",\"isPartOf\":{\"@id\":\"http:\/\/www.roseworks-marketing.com\/#website\"},\"datePublished\":\"2017-02-13T11:16:22+00:00\",\"dateModified\":\"2023-02-10T09:22:39+00:00\",\"breadcrumb\":{\"@id\":\"http:\/\/www.roseworks-marketing.com\/fr\/#breadcrumb\"},\"inLanguage\":\"fr-FR\",\"potentialAction\":[{\"@type\":\"ReadAction\",\"target\":[\"http:\/\/www.roseworks-marketing.com\/fr\/\"]}]},{\"@type\":\"BreadcrumbList\",\"@id\":\"http:\/\/www.roseworks-marketing.com\/fr\/#breadcrumb\",\"itemListElement\":[{\"@type\":\"ListItem\",\"position\":1,\"name\":\"Home\",\"item\":\"http:\/\/www.roseworks-marketing.com\/fr\/\"},{\"@type\":\"ListItem\",\"position\":2,\"name\":\"Accueil\"}]},{\"@type\":\"WebSite\",\"@id\":\"http:\/\/www.roseworks-marketing.com\/#website\",\"url\":\"http:\/\/www.roseworks-marketing.com\/\",\"name\":\"Roseworks Marketing\",\"description\":\"\",\"potentialAction\":[{\"@type\":\"SearchAction\",\"target\":{\"@type\":\"EntryPoint\",\"urlTemplate\":\"http:\/\/www.roseworks-marketing.com\/?s={search_term_string}\"},\"query-input\":\"required name=search_term_string\"}],\"inLanguage\":\"fr-FR\"}]}<\/script>\n<!-- \/ Yoast SEO plugin. -->","yoast_head_json":{"title":"Accueil - Roseworks Marketing","robots":{"index":"index","follow":"follow","max-snippet":"max-snippet:-1","max-image-preview":"max-image-preview:large","max-video-preview":"max-video-preview:-1"},"canonical":"http:\/\/www.roseworks-marketing.com\/fr\/","twitter_misc":{"Dur\u00e9e de lecture estim\u00e9e":"4 minutes"},"schema":{"@context":"https:\/\/schema.org","@graph":[{"@type":"WebPage","@id":"http:\/\/www.roseworks-marketing.com\/fr\/","url":"http:\/\/www.roseworks-marketing.com\/fr\/","name":"Accueil - Roseworks Marketing","isPartOf":{"@id":"http:\/\/www.roseworks-marketing.com\/#website"},"datePublished":"2017-02-13T11:16:22+00:00","dateModified":"2023-02-10T09:22:39+00:00","breadcrumb":{"@id":"http:\/\/www.roseworks-marketing.com\/fr\/#breadcrumb"},"inLanguage":"fr-FR","potentialAction":[{"@type":"ReadAction","target":["http:\/\/www.roseworks-marketing.com\/fr\/"]}]},{"@type":"BreadcrumbList","@id":"http:\/\/www.roseworks-marketing.com\/fr\/#breadcrumb","itemListElement":[{"@type":"ListItem","position":1,"name":"Home","item":"http:\/\/www.roseworks-marketing.com\/fr\/"},{"@type":"ListItem","position":2,"name":"Accueil"}]},{"@type":"WebSite","@id":"http:\/\/www.roseworks-marketing.com\/#website","url":"http:\/\/www.roseworks-marketing.com\/","name":"Roseworks Marketing","description":"","potentialAction":[{"@type":"SearchAction","target":{"@type":"EntryPoint","urlTemplate":"http:\/\/www.roseworks-marketing.com\/?s={search_term_string}"},"query-input":"required name=search_term_string"}],"inLanguage":"fr-FR"}]}},"_links":{"self":[{"href":"http:\/\/www.roseworks-marketing.com\/fr\/wp-json\/wp\/v2\/pages\/3738"}],"collection":[{"href":"http:\/\/www.roseworks-marketing.com\/fr\/wp-json\/wp\/v2\/pages"}],"about":[{"href":"http:\/\/www.roseworks-marketing.com\/fr\/wp-json\/wp\/v2\/types\/page"}],"author":[{"embeddable":true,"href":"http:\/\/www.roseworks-marketing.com\/fr\/wp-json\/wp\/v2\/users\/1"}],"replies":[{"embeddable":true,"href":"http:\/\/www.roseworks-marketing.com\/fr\/wp-json\/wp\/v2\/comments?post=3738"}],"version-history":[{"count":7,"href":"http:\/\/www.roseworks-marketing.com\/fr\/wp-json\/wp\/v2\/pages\/3738\/revisions"}],"predecessor-version":[{"id":3850,"href":"http:\/\/www.roseworks-marketing.com\/fr\/wp-json\/wp\/v2\/pages\/3738\/revisions\/3850"}],"wp:attachment":[{"href":"http:\/\/www.roseworks-marketing.com\/fr\/wp-json\/wp\/v2\/media?parent=3738"}],"curies":[{"name":"wp","href":"https:\/\/api.w.org\/{rel}","templated":true}]}}